{"id":98,"date":"2013-10-14T15:23:30","date_gmt":"2013-10-14T14:23:30","guid":{"rendered":"http:\/\/localhost\/roller%20derby\/?page_id=98"},"modified":"2023-02-20T11:32:29","modified_gmt":"2023-02-20T10:32:29","slug":"prochain-recrutement","status":"publish","type":"page","link":"https:\/\/rollerderbybordeaux.fr\/site\/prochain-recrutement\/","title":{"rendered":"Recrutement"},"content":{"rendered":"<p><a href=\"http:\/\/rollerderbybordeaux.fr\/site\/wp-content\/uploads\/2023\/02\/IMG_012.jpg\"><img decoding=\"async\" loading=\"lazy\" class=\"alignnone wp-image-2363 size-full\" src=\"http:\/\/rollerderbybordeaux.fr\/site\/wp-content\/uploads\/2023\/02\/IMG_012.jpg\" alt=\"\" width=\"4272\" height=\"2848\" data-id=\"2363\" srcset=\"https:\/\/rollerderbybordeaux.fr\/site\/wp-content\/uploads\/2023\/02\/IMG_012.jpg 4272w, https:\/\/rollerderbybordeaux.fr\/site\/wp-content\/uploads\/2023\/02\/IMG_012-300x200.jpg 300w, https:\/\/rollerderbybordeaux.fr\/site\/wp-content\/uploads\/2023\/02\/IMG_012-768x512.jpg 768w, https:\/\/rollerderbybordeaux.fr\/site\/wp-content\/uploads\/2023\/02\/IMG_012-1024x683.jpg 1024w, https:\/\/rollerderbybordeaux.fr\/site\/wp-content\/uploads\/2023\/02\/IMG_012-128x85.jpg 128w\" sizes=\"(max-width: 4272px) 100vw, 4272px\" \/><\/a><a href=\"http:\/\/rollerderbybordeaux.fr\/site\/wp-content\/uploads\/2013\/10\/Recrut2017.02-e1567535154406.jpg\"><br \/>\n<\/a><\/p>\n<p>&nbsp;<\/p>\n<p><strong>FUTURS.ES JOUEURS.EUSES\u00a0<\/strong><\/p>\n<hr \/>\n<p>Attention : Merci de prendre note que nous recrutons\u00a0<span style=\"text-decoration: underline;\">\u00e0 partir de 18 ans<\/span>.<\/p>\n<h1>Inscription 2022-2023 !<\/h1>\n<p><strong>Le processus de recrutement<\/strong><br \/>\nC&rsquo;est d\u00e9cid\u00e9, vous voulez vous mettre au roller derby.<br \/>\nNous commen\u00e7ons par vous inviter \u00e0 une session d&rsquo;essai pour \u00e9valuer\u00a0votre niveau de patinage.<br \/>\nLe plus souvent vous serez orient\u00e9.e vers le cycle de formation \u00ab\u00a0Minipouces\u00a0\u00bb, o\u00f9 les entra\u00eenements sont focalis\u00e9s sur la technique de base et l&rsquo;apprentissage des rudiments du jeu. Lorsque vous aurez atteint un niveau suffisant, nous vous proposerons alors d&rsquo;int\u00e9grer le groupe des joueurs.euses et vous pourrez postuler dans une de nos \u00e9quipes intraligues (les \u00e9quipes de loisir, \u00e0 la cool) ou dans une Travel Team (les \u00e9quipes de comp\u00e9tition).<br \/>\nCependant, si vous avez un passif de roller suffisant, vous pourrez commencer directement et postuler pour rejoindre une de nos \u00e9quipes.<\/p>\n<p><strong>La progression et la comp\u00e9tition<br \/>\n<\/strong>Il n&rsquo;y a aucune obligation \u00e0 rejoindre les \u00e9quipes de comp\u00e9tition. Vous pourrez \u00e9voluer en \u00e9quipe loisir autant que que vous le souhaitez.<br \/>\nLe parcours jusqu\u2019aux Travel Teams est balis\u00e9 de diff\u00e9rentes \u00e9tapes qui viennent confirmer la progression individuelle. Les deux aspects \u00ab\u00a0technique de patinage\u00a0\u00bb et \u00ab\u00a0compr\u00e9hension du jeu\u00a0\u00bb sont d\u00e9velopp\u00e9s pendant nos entra\u00eenements.<strong><br \/>\n<\/strong>Nous nous attachons \u00e0 faire en sorte que chacune puisse \u00e9voluer \u00e0 son rythme et en accord avec ses ambitions. Nous veillons \u00e0 \u00e0 accorder la m\u00eame attention \u00e0 chaque joueur.euse et \u00e0 donner \u00e0 chacun.e les moyens d&rsquo;atteindre ses objectifs. Pour cela, nous valorisons autant le m\u00e9rite sportif que l&rsquo;esprit sportif, l&rsquo;esprit d&rsquo;\u00e9quipe et l&rsquo;implication au sein de la Ligue. Nous veillons particuli\u00e8rement \u00e0 former et \u00e0 entra\u00eener des \u00e9quipes dans lesquelles chaque joueur.euse peut trouver sa place et donner le meilleur d&rsquo;il.elle-m\u00eame.<\/p>\n<p><span style=\"color: #008000;\"><em><strong>Si vous souhaitez nous rejoindre, veuillez prendre contact avec recrutement@rollerderbybordeaux.fr, nous \u00e9crire sur notre compte Instagram @rollerderbybordeaux\u00a0ou venez nous rencontrer le mercredi soir ou samedi matin \u00e0 la Caserne Niel \u00e0 Darwin.<br \/>\n<\/strong><\/em><\/span><\/p>\n<p>&nbsp;<\/p>\n<p><strong>FUTURS.ES ARBITRES<\/strong><\/p>\n<hr \/>\n<p>Nous recrutons des arbitres tout au long de la saison.<\/p>\n<p>Tout comme les joueurs.euses, les arbitres suivent un cycle de formation validant \u00e0 la fois des comp\u00e9tences de patinage, n\u00e9cessaires pour pouvoir suivre l&rsquo;action sur le track, et les bases de l&rsquo;arbitrage. Un syst\u00e8me de progression par \u00e9tape ouvre petit \u00e0 petit les niveaux de match auquel le Referee peut postuler.<\/p>\n<p>Vous pouvez donc nous rejoindre sans savoir patiner.<br \/>\nContrairement aux joueurs.euses, les arbitres peuvent patiner en roller quads ou en roller inline.<\/p>\n<p><strong><em><span style=\"color: #008000;\">M\u00eame d\u00e9marche, veuillez prendre contact avec recrutement@rollerderbybordeaux.fr, \u00e9crivez-nous sur notre compte Instagram @rollerderbybordeaux ou venez nous rencontrer le mercredi soir ou samedi matin \u00e0 la Caserne Niel \u00e0 Darwin.\u00a0<\/span><\/em><\/strong><\/p>\n<p>&nbsp;<\/p>\n<p><strong>FUTURS.ES NSO<\/strong><\/p>\n<hr \/>\n<p>C&rsquo;est une des positions les plus accessibles, car les NSO ne portent pas de patins.<br \/>\nUne bonne dose d&rsquo;app\u00e9tence pour le geeking est recommand\u00e9e.<\/p>\n<p>Les NSO suivent \u00e9galement un cycle de formation, de plusieurs semaines, pour apprendre \u00e0 encadrer l&rsquo;arbitrage d&rsquo;un match.<br \/>\nCette formation reste plus l\u00e9g\u00e8re que celle des joueurs.euses ou des arbitres. Toutefois, tout comme eux.elles, les NSO peuvent s&rsquo;engager dans une longue progression pour arbitrer au plus haut niveau.<\/p>\n<p><strong><span style=\"color: #008000;\"><em>M\u00eame d\u00e9marche, veuillez prendre contact avec recrutement@rollerderbybordeaux.fr, \u00e9crivez-nous sur notre compte Instagram @rollerderbybordeaux ou venez nous rencontrer le mercredi soir ou samedi matin \u00e0 la Caserne Niel \u00e0 Darwin.\u00a0<\/em><\/span><\/strong><\/p>\n<p>&nbsp;<\/p>\n<p><strong>B\u00c9N\u00c9VOLES &#8211; Les Sombrh\u00e9ros<\/strong><\/p>\n<hr \/>\n<p>Vous seriez surpris du nombre de Sombres H\u00e9ros.H\u00e9ro\u00efnes qui nous filent un coup de main sur un \u00e9v\u00e9nement, ou m\u00eame tout au long de l&rsquo;ann\u00e9e.<\/p>\n<p>Nous recherchons des b\u00e9n\u00e9voles ayant des comp\u00e9tences \u00e0 offrir (camerawoman.man, photographes, graphiste, pro de l&rsquo;event&#8230;) ou des personnes ayant tr\u00e8s envie d&rsquo;apprendre.<\/p>\n<p><span style=\"color: #993366;\"><strong><em><span style=\"color: #008000;\">Prenez contact avec event@rollerderbybordeaux.fr ou venez nous rencontrer le mercredi soir ou samedi matin \u00e0 la Caserne Niel \u00e0 Darwin.\u00a0<\/span><\/em><\/strong><br \/>\n<\/span><\/p>\n","protected":false},"excerpt":{"rendered":"<p>&nbsp; FUTURS.ES JOUEURS.EUSES\u00a0 Attention : Merci de prendre note que nous recrutons\u00a0\u00e0 partir de 18 ans. Inscription 2022-2023 ! Le processus de recrutement C&rsquo;est d\u00e9cid\u00e9, vous voulez vous mettre au roller derby. Nous commen\u00e7ons par vous inviter \u00e0 une session d&rsquo;essai pour \u00e9valuer\u00a0votre niveau de patinage. Le plus souvent vous serez orient\u00e9.e vers le cycle [&hellip;]<\/p>\n","protected":false},"author":1,"featured_media":0,"parent":0,"menu_order":0,"comment_status":"open","ping_status":"open","template":"recrut-page.php","meta":[],"_links":{"self":[{"href":"https:\/\/rollerderbybordeaux.fr\/site\/wp-json\/wp\/v2\/pages\/98"}],"collection":[{"href":"https:\/\/rollerderbybordeaux.fr\/site\/wp-json\/wp\/v2\/pages"}],"about":[{"href":"https:\/\/rollerderbybordeaux.fr\/site\/wp-json\/wp\/v2\/types\/page"}],"author":[{"embeddable":true,"href":"https:\/\/rollerderbybordeaux.fr\/site\/wp-json\/wp\/v2\/users\/1"}],"replies":[{"embeddable":true,"href":"https:\/\/rollerderbybordeaux.fr\/site\/wp-json\/wp\/v2\/comments?post=98"}],"version-history":[{"count":61,"href":"https:\/\/rollerderbybordeaux.fr\/site\/wp-json\/wp\/v2\/pages\/98\/revisions"}],"predecessor-version":[{"id":2365,"href":"https:\/\/rollerderbybordeaux.fr\/site\/wp-json\/wp\/v2\/pages\/98\/revisions\/2365"}],"wp:attachment":[{"href":"https:\/\/rollerderbybordeaux.fr\/site\/wp-json\/wp\/v2\/media?parent=98"}],"curies":[{"name":"wp","href":"https:\/\/api.w.org\/{rel}","templated":true}]}}