{"id":8,"date":"2013-07-31T17:21:12","date_gmt":"2013-07-31T16:21:12","guid":{"rendered":"http:\/\/localhost\/roller%20derby\/?page_id=8"},"modified":"2014-12-23T15:37:15","modified_gmt":"2014-12-23T14:37:15","slug":"abc-derby","status":"publish","type":"page","link":"https:\/\/rollerderbybordeaux.fr\/site\/le-roller-derby\/abc-derby\/","title":{"rendered":"l&rsquo;a b c derby"},"content":{"rendered":"<h2>Benchs<\/h2>\n<p>Les deux gugusses\u00a0 qui crient et gesticulent sur le banc des joueuses. Il y a le bench track, (qui s\u2019occupe de communiquer avec les joueuses sur la piste, de les conseiller sur les strat\u00e9gies \u00e0 adopter, de garder un oeil sur le score) et le lineup manager (qui se charge de constituer les lignes \u00e0 envoyer sur la piste). Elles g\u00e8rent aussi tous les petits tracas des joueuses, les calment et sont souvent \u00e9quip\u00e9es de chatons en peluche, barres de c\u00e9r\u00e9ales et bombes de froid.<\/p>\n<h2>Blocage<\/h2>\n<p>Impact effectu\u00e9 par une joueuse sur une adversaire pour la d\u00e9s\u00e9quilibrer ou l\u2019emp\u00eacher d\u2019avancer en la heurtant ou en se positionnant sur son passage. Pour ne pas \u00eatre p\u00e9nalis\u00e9, un blocage doit \u00eatre r\u00e9alis\u00e9 dans les r\u00e8gles.<\/p>\n<h2>Bloqueuse<\/h2>\n<p>Joueuse du pack charg\u00e9e de d\u00e9fendre et attaquer simultan\u00e9ment. Quatre bloqueuses sont pr\u00e9sentes sur la piste par jam et par \u00e9quipe.<\/p>\n<h2>Boot Camp<\/h2>\n<p>Stage d\u2019entrainement intensif organis\u00e9 par une ou plusieurs ligues, auquel participent souvent des Rollergirls de partout, ayant lieu g\u00e9n\u00e9ralement sur un weekend ou plusieurs jours qui peut comprendre des moments d\u2019entrainements, du off skate, des cours de strat\u00e9gie, du scrimmage\u2026<\/p>\n<h2>Diva (argot bordelais)<\/h2>\n<p>Joueuse exp\u00e9riment\u00e9e, ayant d\u00e9j\u00e0 brill\u00e9 sur la piste \u00e0 plusieurs reprises pendant des matchs \u00e9piques.<\/p>\n<h2>Grand Slam<\/h2>\n<p>Une Jammer a pris un tour \u00e0 la Jammer adverse et marque un point suppl\u00e9mentaire.<\/p>\n<h2>\u00a0Jam<\/h2>\n<p>Une p\u00e9riode est compos\u00e9e de plusieurs phases de jeu successives, appel\u00e9es \u00ab jams \u00bb, pendant lesquelles les deux \u00e9quipes s\u2019affrontent. Chaque jam peut durer au maximum deux minutes et est s\u00e9par\u00e9 du suivant par une pause de trente secondes. Il n\u2019y a pas de nombre limite de jams par p\u00e9riode.<\/p>\n<h2>Jammer<\/h2>\n<p>La seule joueuse en jeu apte \u00e0 marquer des points en d\u00e9passant les joueuses adverses. Deux Jammers, une pour chaque \u00e9quipe, sont align\u00e9es sur la piste \u00e0 chaque jam. La Jammer est reconnaissable gr\u00e2ce aux \u00e9toiles sur son couvre-casque.<\/p>\n<h2>Lead jammer<\/h2>\n<p>Au premier passage, la premi\u00e8re Jammer qui arrive \u00e0 traverser le pack l\u00e9galement en d\u00e9passant la Bloqueuse adverse la plus en avant acquiert le statut de lead jammer. C\u2019est un avantage strat\u00e9gique : elle poss\u00e8de alors le droit d\u2019arr\u00eater le jam quand elle veut, en tapotant sur ses hanches, avant la fin des deux minutes r\u00e9glementaires au moment le plus favorable pour son \u00e9quipe.<\/p>\n<h2>\u00ab Bout \u00bb (Bagarre) ou Match (en fran\u00e7ais)<\/h2>\n<p>Rencontre officielle entre deux \u00e9quipes. Un match dure une heure, deux p\u00e9riodes d\u2019une demi-heure.<\/p>\n<h2>Minimum skills<\/h2>\n<p>Aptitudes minimales n\u00e9cessaires pour participer aux matchs : une joueuse doit prouver qu\u2019elle poss\u00e8de les comp\u00e9tences et la maitrise n\u00e9cessaires pour pratiquer le roller derby sans danger pour elle et les autres dans le respect des r\u00e8gles. C\u2019est l\u2019objectif \u00e0 atteindre de toute joueuse en devenir, avec le travail intense et l\u2019horrible pression qui l\u2019accompagnent.<\/p>\n<h2>Minipouce (argot bordelais, \u00e9quivalent de \u00ab fresh meat \u00bb)<\/h2>\n<p>Nouvelle joueuse d\u00e9butante qui n\u2019a pas encore obtenu les Minimum Skills. Cajol\u00e9es par leurs derby-marraines et malmen\u00e9es par leurs coachs cruels, elles sont la joie du renouveau et le bonheur de l\u2019innocence de la Ligue.<\/p>\n<h2>NSO \u00a0\u00ab Non-skating official \u00bb<\/h2>\n<p>Membres de l&rsquo;\u00e9quipe d&rsquo;arbitrage, \u00e0 pied, indispensables \u00e0 la bonne organisation d&rsquo;un match. Ils sont charg\u00e9s d&rsquo;assister les arbitres \u00e0 diff\u00e9rents postes tels que : Score keeper (comptabilisation des points indiqu\u00e9s par le Jam Ref), Box Timer (chronom\u00e9trage du temps de prison), Penalty tracker (tient le compte du nombre de fautes mineures et majeures de chaque joueuse), wrangler (celui qui court apr\u00e8s les arbitres pour r\u00e9p\u00e9ter les fautes annonc\u00e9es), jam timer\u2026etc.<\/p>\n<h2>Off skate<\/h2>\n<p>Partie de l\u2019entrainement s\u2019effectuant sans patins, contenant surtout du renforcement musculaire, et c\u2019est une partie de plaisir dont les Rollergirls sont tr\u00e8s friandes!<\/p>\n<h2>Pack<\/h2>\n<p>Groupe contenant le plus grand nombre de bloqueuses patinant \u00e0 proximit\u00e9 (s\u00e9par\u00e9es d\u2019une distance maximale de trois m\u00e8tres) dans les limites de la piste et constitu\u00e9 de joueuses des deux \u00e9quipes.<\/p>\n<h2>P\u00e9riode<\/h2>\n<p>Un match dure une heure divis\u00e9e en deux p\u00e9riodes d\u2019une demi-heure.<\/p>\n<h2>Pivot<\/h2>\n<p>Bloqueuse ayant une fonction suppl\u00e9mentaire : elle peut recevoir le \u00ab passage de l\u2019\u00e9toile \u00bb. Elle est reconnaissable gr\u00e2ce \u00e0 une bande transversale sur son couvre-casque.<\/p>\n<h2>Playschool \u00a0(argot bordelais)<\/h2>\n<p>Nouvelle joueuse ayant fra\u00eechement pass\u00e9 et r\u00e9ussi les Minimum Skills, qui d\u00e9bute la phase s\u2019apprentissage du jeu.<\/p>\n<h2>Prison ou \u00ab Penalty Box \u00bb<\/h2>\n<p>Surnomm\u00e9e affectueusement la box, il s\u2019agit d\u2019une zone d\u00e9limit\u00e9e o\u00f9 sont plac\u00e9s les si\u00e8ges sur lesquels les joueuses effectuent leurs p\u00e9nalit\u00e9s. C\u2019est le banc des punies.<\/p>\n<h2>Quads<\/h2>\n<p>Seuls mod\u00e8les de patins autoris\u00e9s sur une piste de Roller Derby. Ils ont la sp\u00e9cificit\u00e9 de poss\u00e9der quatre roues non align\u00e9es, dispos\u00e9es en deux rang\u00e9es de deux roues. Prunelle des yeux d\u2019une rollergirl.<\/p>\n<h2>Referee ou Ref<\/h2>\n<p>Arbitres officiels en patins. Ils valident les points marqu\u00e9s par les jammers, d\u00e9terminent qui est Lead Jammer et infligent les p\u00e9nalit\u00e9s. Ils sont responsables du bon d\u00e9roulement du jeu.<\/p>\n<h2>Scrimmage<\/h2>\n<p>Rencontre non officielle entre deux groupes m\u00e9lang\u00e9s appel\u00e9s \u00ab \u00e9quipes \u00bb, et portant en g\u00e9n\u00e9ral un T-shirt noir ou un T-shirt Blanc pour plus de commodit\u00e9. Grand moment de plaisir. L\u2019\u00e9v\u00e8nement peut \u00eatre public ou non, cette rencontre ayant plus valeur d\u2019entrainement que d\u2019un truc officiel, qui n\u2019est pas pour autant moins pris au s\u00e8rieux qu\u2019un truc officiel.<\/p>\n<h2>Track<\/h2>\n<p>La piste ovale respectant les dimensions de WFTDA.<\/p>\n<h2>Whip<\/h2>\n<p>Action d\u2019aider une co\u00e9quipi\u00e8re de son \u00e9quipe en la propulsant. Il est possible de lancer la jammer avec le bras, de la pousser, ou de lui permettre de s\u2019accrocher \u00e0 ses hanches ou \u00e0 ses \u00e9paules pour qu\u2019elle se propulse elle-m\u00eame.<\/p>\n<h2>WFTDA<\/h2>\n<p>Women\u2019s Flat Track Derby Association (http:\/\/wftda.com), elle repr\u00e9sente la t\u00eate pensante internationale du roller derby, et est une organisation permettant aux ligues de collaborer et de fonctionner en r\u00e9seau. Elle a normalis\u00e9 les r\u00e8gles, les saisons, et permet une uniformisation pour un meilleur fonctionnement inter-ligues.<\/p>\n","protected":false},"excerpt":{"rendered":"<p>Benchs Les deux gugusses\u00a0 qui crient et gesticulent sur le banc des joueuses. Il y a le bench track, (qui s\u2019occupe de communiquer avec les joueuses sur la piste, de les conseiller sur les strat\u00e9gies \u00e0 adopter, de garder un oeil sur le score) et le lineup manager (qui se charge de constituer les lignes [&hellip;]<\/p>\n","protected":false},"author":1,"featured_media":0,"parent":7,"menu_order":0,"comment_status":"open","ping_status":"open","template":"derby-page.php","meta":[],"_links":{"self":[{"href":"https:\/\/rollerderbybordeaux.fr\/site\/wp-json\/wp\/v2\/pages\/8"}],"collection":[{"href":"https:\/\/rollerderbybordeaux.fr\/site\/wp-json\/wp\/v2\/pages"}],"about":[{"href":"https:\/\/rollerderbybordeaux.fr\/site\/wp-json\/wp\/v2\/types\/page"}],"author":[{"embeddable":true,"href":"https:\/\/rollerderbybordeaux.fr\/site\/wp-json\/wp\/v2\/users\/1"}],"replies":[{"embeddable":true,"href":"https:\/\/rollerderbybordeaux.fr\/site\/wp-json\/wp\/v2\/comments?post=8"}],"version-history":[{"count":9,"href":"https:\/\/rollerderbybordeaux.fr\/site\/wp-json\/wp\/v2\/pages\/8\/revisions"}],"predecessor-version":[{"id":292,"href":"https:\/\/rollerderbybordeaux.fr\/site\/wp-json\/wp\/v2\/pages\/8\/revisions\/292"}],"up":[{"embeddable":true,"href":"https:\/\/rollerderbybordeaux.fr\/site\/wp-json\/wp\/v2\/pages\/7"}],"wp:attachment":[{"href":"https:\/\/rollerderbybordeaux.fr\/site\/wp-json\/wp\/v2\/media?parent=8"}],"curies":[{"name":"wp","href":"https:\/\/api.w.org\/{rel}","templated":true}]}}