{"id":76,"date":"2013-10-14T14:01:50","date_gmt":"2013-10-14T13:01:50","guid":{"rendered":"http:\/\/localhost\/roller%20derby\/?page_id=76"},"modified":"2018-05-24T17:59:51","modified_gmt":"2018-05-24T16:59:51","slug":"teams","status":"publish","type":"page","link":"https:\/\/rollerderbybordeaux.fr\/site\/teams\/","title":{"rendered":"nos \u00e9quipes"},"content":{"rendered":"<p><strong>Au Roller Derby Bordeaux Club, il est important de permettre \u00e0 chaque joueuse le souhaitant de jouer des matchs et de les jouer au niveau auquel elle le peut et le souhaite.<\/strong><\/p>\n<p>Pour cela, nous faisons jouer 2 types d&rsquo;\u00e9quipes :<br \/>\n&#8211; les \u00e9quipes intraligues (tournoi interne)<br \/>\n&#8211; les Travel Teams (comp\u00e9tition)<\/p>\n<p><strong>Les \u00e9quipes Intraligues<\/strong> (tournoi interne)<br \/>\nLes \u00e9quipes intraligues sont destin\u00e9es aux joueuses de la Ligue qui pr\u00e9f\u00e8rent \u00e9voluer dans un environnement plus cool, sans la pression de la comp\u00e9tition, tout en ayant envie de s&rsquo;\u00e9clater sur le track. Les \u00e9quipes intraligues s&rsquo;affrontent r\u00e9guli\u00e8rement (4 journ\u00e9es) tout au long de la saison pendant leur tournoi annuel, le<em> Blocking Club<\/em>. Le premier match <em>Grand Opening<\/em>\u00a0 lance le coup d&rsquo;envoi en d\u00e9cembre et le tournoi se cl\u00f4t avec <em>The Last Chance<\/em> qui se tient en juin.<br \/>\n&gt; Pink Cheek Peaches<br \/>\n&gt; Rotten Black Grapes<br \/>\n&gt; Boom Bright Gold<\/p>\n<p><strong>Travel Teams<\/strong> (comp\u00e9tition)<br \/>\nLe RDBC entra\u00eene 2 \u00e9quipes engag\u00e9es dans la comp\u00e9tition nationale et europ\u00e9enne. Elles repr\u00e9sentent le meilleur niveau de notre Ligue.<br \/>\n&gt; TEAM A : Les Petites Morts<br \/>\n&gt; TEAM B : La Compagnie Cruelle<\/p>\n<p>&nbsp;<\/p>\n<p><strong>Arbitres et NSOs<\/strong><br \/>\n&gt; Les N\u00e9crofficials<br \/>\nNos officiels forment une vraie Team \u00e0 eux-seuls.<br \/>\nTout comme les joueuses, nos officiels, selon leurs envies et leurs possibilit\u00e9s, peuvent choisir d&rsquo;arbitrer au niveau Intraligue ou laisser libre cours \u00e0 de plus grandes ambitions.<\/p>\n<p><strong>\u00a0<\/strong><\/p>\n<p style=\"text-align: center;\"><a href=\"http:\/\/rollerderbybordeaux.fr\/site\/wp-content\/uploads\/2013\/10\/NIEL_obscur.png\"><img decoding=\"async\" loading=\"lazy\" class=\"size-full wp-image-556 aligncenter\" src=\"http:\/\/rollerderbybordeaux.fr\/site\/wp-content\/uploads\/2013\/10\/NIEL_obscur.png\" alt=\"NIEL_obscur\" width=\"852\" height=\"479\" data-id=\"556\" srcset=\"https:\/\/rollerderbybordeaux.fr\/site\/wp-content\/uploads\/2013\/10\/NIEL_obscur.png 852w, https:\/\/rollerderbybordeaux.fr\/site\/wp-content\/uploads\/2013\/10\/NIEL_obscur-300x168.png 300w, https:\/\/rollerderbybordeaux.fr\/site\/wp-content\/uploads\/2013\/10\/NIEL_obscur-128x71.png 128w\" sizes=\"(max-width: 852px) 100vw, 852px\" \/><\/a><\/p>\n","protected":false},"excerpt":{"rendered":"<p>Au Roller Derby Bordeaux Club, il est important de permettre \u00e0 chaque joueuse le souhaitant de jouer des matchs et de les jouer au niveau auquel elle le peut et le souhaite. Pour cela, nous faisons jouer 2 types d&rsquo;\u00e9quipes : &#8211; les \u00e9quipes intraligues (tournoi interne) &#8211; les Travel Teams (comp\u00e9tition) Les \u00e9quipes Intraligues [&hellip;]<\/p>\n","protected":false},"author":1,"featured_media":0,"parent":0,"menu_order":0,"comment_status":"open","ping_status":"open","template":"team-page.php","meta":[],"_links":{"self":[{"href":"https:\/\/rollerderbybordeaux.fr\/site\/wp-json\/wp\/v2\/pages\/76"}],"collection":[{"href":"https:\/\/rollerderbybordeaux.fr\/site\/wp-json\/wp\/v2\/pages"}],"about":[{"href":"https:\/\/rollerderbybordeaux.fr\/site\/wp-json\/wp\/v2\/types\/page"}],"author":[{"embeddable":true,"href":"https:\/\/rollerderbybordeaux.fr\/site\/wp-json\/wp\/v2\/users\/1"}],"replies":[{"embeddable":true,"href":"https:\/\/rollerderbybordeaux.fr\/site\/wp-json\/wp\/v2\/comments?post=76"}],"version-history":[{"count":30,"href":"https:\/\/rollerderbybordeaux.fr\/site\/wp-json\/wp\/v2\/pages\/76\/revisions"}],"predecessor-version":[{"id":2186,"href":"https:\/\/rollerderbybordeaux.fr\/site\/wp-json\/wp\/v2\/pages\/76\/revisions\/2186"}],"wp:attachment":[{"href":"https:\/\/rollerderbybordeaux.fr\/site\/wp-json\/wp\/v2\/media?parent=76"}],"curies":[{"name":"wp","href":"https:\/\/api.w.org\/{rel}","templated":true}]}}