{"id":7,"date":"2013-07-31T17:20:55","date_gmt":"2013-07-31T16:20:55","guid":{"rendered":"http:\/\/localhost\/roller%20derby\/?page_id=7"},"modified":"2023-02-20T13:00:31","modified_gmt":"2023-02-20T12:00:31","slug":"le-roller-derby","status":"publish","type":"page","link":"https:\/\/rollerderbybordeaux.fr\/site\/le-roller-derby\/","title":{"rendered":"Pr\u00e9sentation du roller derby"},"content":{"rendered":"<div style=\"width: 576px;\" class=\"wp-video\"><!--[if lt IE 9]><script>document.createElement('video');<\/script><![endif]-->\n<video class=\"wp-video-shortcode\" id=\"video-7-1\" width=\"576\" height=\"320\" poster=\"http:\/\/rollerderbybordeaux.fr\/site\/wp-content\/uploads\/2023\/02\/IMG_8053-2.jpg\" autoplay=\"1\" preload=\"metadata\" controls=\"controls\"><source type=\"video\/mp4\" src=\"http:\/\/rollerderbybordeaux.fr\/site\/wp-content\/uploads\/2023\/02\/WhatsApp-Video-2022-11-30-at-14.15.32.mp4?_=1\" \/><a href=\"http:\/\/rollerderbybordeaux.fr\/site\/wp-content\/uploads\/2023\/02\/WhatsApp-Video-2022-11-30-at-14.15.32.mp4\">http:\/\/rollerderbybordeaux.fr\/site\/wp-content\/uploads\/2023\/02\/WhatsApp-Video-2022-11-30-at-14.15.32.mp4<\/a><\/video><\/div>\n<h3><\/h3>\n<h3>D\u00e9finition :<\/h3>\n<p>Le roller derby est un sport de contact et de vitesse se pratiquant sur une piste ovale, sur patins \u00e0 roulettes de type Quads. Un match est divis\u00e9 en deux p\u00e9riodes de 30 minutes, chaque p\u00e9riode est divis\u00e9e en Jams (\u00e9quivalent d\u2019un round en boxe) d\u2019une dur\u00e9e maximale de 2 minutes, avec une pause de 30 secondes entre chaque jam. Chaque \u00e9quipe est compos\u00e9e de 8 \u00e0 14 rollergirls, mais seulement cinq joueuses sont align\u00e9es par jam par \u00e9quipe : quatre Blockers et une Jammer. L\u2019\u00e9quipe qui marque le plus de points au total remporte la partie.<\/p>\n<h3>Le but du jeu<\/h3>\n<p>Chaque \u00e9quipe poss\u00e8de une joueuse appel\u00e9e Jammer charg\u00e9e de marquer des points : un point \u00e9quivaut \u00e0 une joueuse de l\u2019\u00e9quipe adverse d\u00e9pass\u00e9e. Les Jammers sont reconnaissables gr\u00e2ce \u00e0 l\u2019\u00e9toile qu\u2019elles portent sur leurs casques.<br \/>\nLes autres joueuses sont des Blockers, 4 align\u00e9es pour chaque \u00e9quipe par jam, dont la mission est aussi offensive que d\u00e9fensive : elles doivent emp\u00eacher la Jammer adverse de les d\u00e9passer, et cr\u00e9er des opportunit\u00e9s pour aider la leur.<br \/>\nLa pratique du roller derby demande rapidit\u00e9, agilit\u00e9, force, maitrise, organisation du jeu, vision d\u2019ensemble, communication et travail d\u2019\u00e9quipe.<\/p>\n<h3>D\u00e9roulement d&rsquo;un jam<\/h3>\n<p>Chaque \u00e9quipe aligne 5 joueuses sur la piste : 4 Blockers et 1 Jammer (casque \u00e0 \u00e9toile).<br \/>\nLes Blockers sont align\u00e9es derri\u00e8re la Ligne de d\u00e9part des Pivots et devant la ligne de d\u00e9part des Jammers. Les Jammers se placent derri\u00e8re la ligne de d\u00e9part des Jammers.<\/p>\n<p>Le d\u00e9part du Jam est signal\u00e9 par un coup de sifflet.<br \/>\nL&rsquo;action est alors autoris\u00e9e : les Jammers tentent de percer la d\u00e9fense adverse, tandis que les Blockers tentent de contenir la Jammer de l&rsquo;autre \u00e9quipe sans g\u00eaner la leur propre.<\/p>\n<p>La premi\u00e8re jammeuse \u00e0 traverser le pack dans les r\u00e8gles gagne le statut de Lead Jammer, avantage strat\u00e9gique crucial l&rsquo;autorisant \u00e0 arr\u00eater le Jam quand elle le souhaite (et avant que l&rsquo;autre Jammer ne soit en position de marquer des points). L&rsquo;autre Jammer est appel\u00e9e tout simplement No Lead Jammer. Aucune des 2 Jammers ne marque de point lors du premier passage.<\/p>\n<p>Pendant tout le jam, les Blockers doivent s&rsquo;efforcer de maintenir un Pack coh\u00e9rent. Le Pack est d\u00e9fini par le plus grand nombre de joueuses des 2 \u00e9quipes patinant \u00e0 moins de 3 m\u00e8tres les unes des autres dans les limites de la piste. Au del\u00e0 de 6 m\u00e8tres de distance du Pack, une joueuse est consid\u00e9r\u00e9e comme hors-jeu et n&rsquo;a plus le droit de proc\u00e9der \u00e0 aucune action jusqu&rsquo;\u00e0 ce qu&rsquo;elle revienne en-jeu. La d\u00e9finition du Pack est un enjeu strat\u00e9gique qui passe entre autre par le contr\u00f4le de sa vitesse, et dont le non-respect donne lieu \u00e0 des p\u00e9nalit\u00e9s.<\/p>\n<p>Pendant ce temps-l\u00e0 , les Jammers ont pris un tour au Pack et entament leur second passage : celui-ci et les suivants sont appel\u00e9s passage au score puisque les Jammers sont alors en position de marquer des points. Marquer des points respecte un principe simplissime : une adversaire d\u00e9pass\u00e9e (dans les r\u00e8gles) = 1 point. Chaque Jammer peut ainsi marquer 4 points par passage (un point bonus est accord\u00e9 si une Jammer arrive \u00e0 prendre un tour complet \u00e0 la Jammer adverse).<\/p>\n<p>Le jam s\u2019arr\u00eate lorsque la Lead Jammer le d\u00e9cide en pla\u00e7ant les mains sur ses hanches de mani\u00e8re r\u00e9p\u00e9t\u00e9e, ou \u00e0 la fin des 2 minutes r\u00e8glementaires. La fin d&rsquo;un Jam prend totalement fin au dernier coup des 4 coups de sifflet.<br \/>\nLes points du Jam sont comptabilis\u00e9s, l&rsquo;affichage du score mis \u00e0 jour, et les deux \u00e9quipes ont 30 secondes pour replacer 1 Jammer et 4 Blockers avant le d\u00e9but du jam suivant.<\/p>\n<h3>Arbitres et sanctions<\/h3>\n<p>Chaque match est encadr\u00e9 par des arbitres en patins (entre 3 et 7), et des officiels \u00e0 pied (au minimum 6) charg\u00e9s de faire respecter les r\u00e8gles et de s\u2019assurer du bon d\u00e9roulement du jeu, mais aussi de la s\u00e9curit\u00e9 des joueuses.<\/p>\n<p>Les Z\u00e8bres distribuent des p\u00e9nalit\u00e9s &#8211; appel\u00e9e Major ! &#8211; lorsque les r\u00e8gles sont bafou\u00e9es. Une faute majeure \u00e9quivaut \u00e0 une suspension d\u2019une minute sur le banc de la prison, la joueuse \u00e9tant alors momentan\u00e9ment expuls\u00e9e de la piste pour purger sa peine. Une joueuse qui atteint 7 majeures dans un match n&rsquo;est plus autoris\u00e9e \u00e0 prendre part aux jams jusqu&rsquo;\u00e0 la fin du match.<\/p>\n<p>Type de fautes de Contact<br \/>\n&#8211; Bloquer avec les mains, les avants-bras, les coudes, la t\u00eate<br \/>\n&#8211; Bloquer dans le dos<br \/>\n&#8211; Accrocher ou tirer une joueuse adverse<br \/>\n&#8211; Faire des croches-pattes, tomber devant une joueuse, bloquer en dessous de mi-cuisse<br \/>\n&#8211; Cr\u00e9er des Murs \u00e0 plusieurs joueuses s\u2019agrippant entre elles<\/p>\n<p>Type de fautes de Jeu<br \/>\n&#8211; Bloquer ou aider en patinant dans le sens des aiguilles d&rsquo;une montre<br \/>\n&#8211; Bloquer ou aider dans une situation de No-Pack<br \/>\n&#8211; D\u00e9truire le Pack ou ne pas le reformer activement<br \/>\n&#8211; Bloquer ou aider en \u00e9tant Hors-Jeu<br \/>\n&#8211; Bloquer une adversaire en dehors de la piste<br \/>\n&#8211; Patiner en dehors des limites de la piste (sauf pour aller en prison)<\/p>\n<p>Type de fautes de fair-play<br \/>\n&#8211; Pratiquer un jeu dangereux<br \/>\n&#8211; Avoir un comportement inappropri\u00e9 vis \u00e0 vis des arbitres, des adversaires, de la mascotte ou du public<\/p>\n","protected":false},"excerpt":{"rendered":"<p>D\u00e9finition : Le roller derby est un sport de contact et de vitesse se pratiquant sur une piste ovale, sur patins \u00e0 roulettes de type Quads. Un match est divis\u00e9 en deux p\u00e9riodes de 30 minutes, chaque p\u00e9riode est divis\u00e9e en Jams (\u00e9quivalent d\u2019un round en boxe) d\u2019une dur\u00e9e maximale de 2 minutes, avec une [&hellip;]<\/p>\n","protected":false},"author":1,"featured_media":0,"parent":0,"menu_order":0,"comment_status":"open","ping_status":"open","template":"derby-page.php","meta":[],"_links":{"self":[{"href":"https:\/\/rollerderbybordeaux.fr\/site\/wp-json\/wp\/v2\/pages\/7"}],"collection":[{"href":"https:\/\/rollerderbybordeaux.fr\/site\/wp-json\/wp\/v2\/pages"}],"about":[{"href":"https:\/\/rollerderbybordeaux.fr\/site\/wp-json\/wp\/v2\/types\/page"}],"author":[{"embeddable":true,"href":"https:\/\/rollerderbybordeaux.fr\/site\/wp-json\/wp\/v2\/users\/1"}],"replies":[{"embeddable":true,"href":"https:\/\/rollerderbybordeaux.fr\/site\/wp-json\/wp\/v2\/comments?post=7"}],"version-history":[{"count":4,"href":"https:\/\/rollerderbybordeaux.fr\/site\/wp-json\/wp\/v2\/pages\/7\/revisions"}],"predecessor-version":[{"id":2379,"href":"https:\/\/rollerderbybordeaux.fr\/site\/wp-json\/wp\/v2\/pages\/7\/revisions\/2379"}],"wp:attachment":[{"href":"https:\/\/rollerderbybordeaux.fr\/site\/wp-json\/wp\/v2\/media?parent=7"}],"curies":[{"name":"wp","href":"https:\/\/api.w.org\/{rel}","templated":true}]}}