{"id":18,"date":"2013-09-05T15:05:36","date_gmt":"2013-09-05T14:05:36","guid":{"rendered":"http:\/\/localhost\/roller%20derby\/?page_id=18"},"modified":"2017-08-14T13:23:46","modified_gmt":"2017-08-14T12:23:46","slug":"le-guide-du-spectateur","status":"publish","type":"page","link":"https:\/\/rollerderbybordeaux.fr\/site\/le-roller-derby\/le-guide-du-spectateur\/","title":{"rendered":"Le guide du spectateur"},"content":{"rendered":"<h3>GUIDE DU SPECTATEUR : comprendre mon premier match de roller derby<\/h3>\n<p>Voil\u00e0. Vous y \u00eates. C&rsquo;est votre premier match de Roller Derby.<\/p>\n<p>Il semble y avoir deux \u00e9quipes\u00a0qui tournent sur une piste, qui s&rsquo;arr\u00eatent, qui repartent&#8230; Parfois une joueuse\u00a0sort pour aller s\u2019asseoir sur un banc (elle doit \u00eatre fatigu\u00e9e), souvent il y en a une qui met les mains sur les hanches avant que tout s&rsquo;arr\u00eate (quelle synchro !), et puis ces gens\u00a0en noir et blanc et en rose qui patinent et qui courent tout autour..<\/p>\n<p>Mais vous avez beau \u00e9carquiller les yeux, non, d\u00e9finitivement, vous ne voyez ni balle ni but. Ca y est je suis perdu.<\/p>\n<p>&nbsp;<\/p>\n<p>&nbsp;<\/p>\n<h3>1 &#8211; Choisir une \u00e9quipe pr\u00e9f\u00e9r\u00e9e !<\/h3>\n<p>Vous pourrez en changer \u00e0 la mi-temps.<\/p>\n<p>Pour commencer, c&rsquo;est plus facile de se concentrer sur une seule couleur.<\/p>\n<p>Ce choix est souvent motiv\u00e9 par \u00ab J\u2019aime bien cette couleur, donc je vais supporter son \u00e9quipe \u00bb.<br \/>\nQuand les \u00e9quipes commencent leur parade, acclamer votre\u00a0\u00e9quipe favorite, et acclamer de la m\u00eame mani\u00e8re\u00a0l\u2019\u00e9quipe adverse. Sans adversaire \u00e0 sa taille, votre \u00e9quipe n&rsquo;a aucune chance de briller, et puis sans adversaire, il n&rsquo;y aurait pas de match, donc on encourage tout le monde.<\/p>\n<p>Le 1er jam va commencer. Les joueuses s\u2019alignent sur le track.<br \/>\nLe match va \u00eatre une succession de \u00ab\u00a0jams\u00a0\u00bb (des rounds de jeu).<br \/>\nAu fur et \u00e0 mesure des jams, vous pourrez rep\u00e9rer le nom de joueuses et les hurler lorsqu&rsquo;elles r\u00e9ussiront une action\u00a0\u00a0!<\/p>\n<p>&nbsp;<\/p>\n<h3>2 &#8211;\u00a0\u00a0Rep\u00e9rer les Jammers<\/h3>\n<p>Les Jammers\u00a0portent une \u00e9toile de chaque c\u00f4t\u00e9 de leur casque.<br \/>\nEn d\u00e9part de jam, elles partent derri\u00e8re toutes les autres, derri\u00e8re la ligne \u00a0des jammers.<\/p>\n<p>Suivez la progression \u00e0 travers le Pack de la Jammer de votre \u00e9quipe pr\u00e9f\u00e9r\u00e9e, tout en surveillant le parcours de l&rsquo;autre Jammer.<\/p>\n<p>Crier tr\u00e8s fort quand la commentatrice\/commentateur annonce \u00ab Leeaaaad Jammer \u00bb : s&rsquo;il s&rsquo;agit de vote \u00e9quipe, elle vient de gagner l&rsquo;avantage strat\u00e9gique du jam. S&rsquo;il s&rsquo;agit de l&rsquo;\u00e9quipe adverse, votre Jammer a besoin de vos encouragements pour sortir le plus vite possible du pack.<\/p>\n<p>Pendant quelques jams, concentrez vous sur le travail de la Jammer. D\u00e8s son deuxi\u00e8me passage dans le pack, elle marque des points en d\u00e9passant les hanches des joueuses adverses. Le but est de marquer le plus grand diff\u00e9rentiel de points \u00e0 chaque jam. C&rsquo;est souvent plus facile \u00e0 dire qu&rsquo;\u00e0 faire.<\/p>\n<p>&nbsp;<\/p>\n<p>&nbsp;<\/p>\n<h3>3 &#8211;\u00a0Choisir une Bloqueuse pr\u00e9f\u00e9r\u00e9e<\/h3>\n<p>Choisir une joueuse du Pack, celle que vous voulez. Vous pouvez en changer \u00e0 chaque jam.<\/p>\n<p>Essayez de ne pas la perdre de vue dans le chaos du Pack. Suivre le travail des Bloqueuses est le meilleur moyen de commencer \u00e0 comprendre les r\u00e8gles du jeu.<\/p>\n<p>Observez comment elles essaient de contr\u00f4ler la Jammer, de stopper sa progression, et puis comme elles s&rsquo;efforcent de la faire sortir des limites du track : vous commencez \u00e0 comprendre la r\u00e8gle du cutting.<\/p>\n<p>Regardez\u00a0le contr\u00f4le apport\u00e9 aux contacts entre adversaires qui ne doivent faire intervenir ni mains, ni bras, ni jambes, ni impacter le dos : forearms, low block, multiplayers block, back block&#8230; les fautes encourues sont nombreuses.<\/p>\n<p>Suivez leurs mouvements sur le track, le soin apport\u00e9 \u00e0 ne pas laisser s&rsquo;\u00e9loigner les deux \u00e9quipes l&rsquo;une de l&rsquo;autre : vous vous initiez aux r\u00e8gles de la constitution du Pack.<\/p>\n<p>(Ne pas h\u00e9siter \u00e0 demander des explications sur le jeu, les subtilit\u00e9s, les actions, ou les strat\u00e9gies \u00e0 ceux que vous identifierez comme fans de premi\u00e8re ligne. Pour les rep\u00e9rer : ils crient souvent quand personne d\u2019autre ne crie, utilisent des termes que vous ne comprenez pas, arborent tout un tas de badges,\u00a0essaient d&rsquo;attirer l&rsquo;attention de l&rsquo;arbitre en faisant des gestes bizarres, et parfois vous demandent d\u2019attendre la fin du Jam pour vous expliquer ce qui est en train de se passer)<\/p>\n<p>&nbsp;<\/p>\n<h3>4 &#8211; La mi-temps<\/h3>\n<p>La mi-temps, c&rsquo;est le moment id\u00e9al pour montrer votre soutien aux \u00e9quipes qui sont en train de s&rsquo;affronter.<br \/>\nAllez vous ravitailler en boissons et snacks home made. Laissez vous tenter par le merch fabuleux et cr\u00e9atif des deux \u00e9quipes.<br \/>\nLaisser tra\u00eener vos oreilles aupr\u00e8s des m\u00eames fans de premi\u00e8re ligne qui font des pronostics fumeux sur la seconde p\u00e9riode.<\/p>\n<p>&nbsp;<\/p>\n<h3>5 &#8211;\u00a0Seconde P\u00e9riode<\/h3>\n<p>Reproduisez le m\u00eame comportement qu&rsquo;\u00e0 la premi\u00e8re. C&rsquo;est la r\u00e9p\u00e9tition qui est importante pour assimiler !<br \/>\nSurveillez le temps de jeu restant, et se laissez-vous gagner progressivement par le stress, la f\u00e9brilit\u00e9, la fi\u00e8vre, la passion, et la fr\u00e9n\u00e9sie.<\/p>\n<p>&nbsp;<\/p>\n<h3>La fin du match<\/h3>\n<p>Rapidement, vous lever et aller prendre place au bord de la piste, le pied sur la bordure ext\u00e9rieure. Taper dans les mains des joueuses qui font leur tour d&rsquo;honneur et de remerciement !<\/p>\n<p>Applaudir l\u2019\u00e9quipe gagnante et consoler l\u2019\u00e9quipe qui a juste marqu\u00e9 un peu moins de points.<\/p>\n<p>Acheter tout un tas de produits d\u00e9riv\u00e9s au stand de votre \u00e9quipe pr\u00e9f\u00e9r\u00e9e : T-shirts, cartes des joueuses, badges, porte-cl\u00e9s\u2026<\/p>\n<p>En profiter pour se renseigner\u00a0sur le lieu de rendez-vous de la 3\u00e8me p\u00e9riode.<\/p>\n","protected":false},"excerpt":{"rendered":"<p>GUIDE DU SPECTATEUR : comprendre mon premier match de roller derby Voil\u00e0. Vous y \u00eates. C&rsquo;est votre premier match de Roller Derby. Il semble y avoir deux \u00e9quipes\u00a0qui tournent sur une piste, qui s&rsquo;arr\u00eatent, qui repartent&#8230; Parfois une joueuse\u00a0sort pour aller s\u2019asseoir sur un banc (elle doit \u00eatre fatigu\u00e9e), souvent il y en a une [&hellip;]<\/p>\n","protected":false},"author":1,"featured_media":0,"parent":7,"menu_order":0,"comment_status":"open","ping_status":"open","template":"derby-page.php","meta":[],"_links":{"self":[{"href":"https:\/\/rollerderbybordeaux.fr\/site\/wp-json\/wp\/v2\/pages\/18"}],"collection":[{"href":"https:\/\/rollerderbybordeaux.fr\/site\/wp-json\/wp\/v2\/pages"}],"about":[{"href":"https:\/\/rollerderbybordeaux.fr\/site\/wp-json\/wp\/v2\/types\/page"}],"author":[{"embeddable":true,"href":"https:\/\/rollerderbybordeaux.fr\/site\/wp-json\/wp\/v2\/users\/1"}],"replies":[{"embeddable":true,"href":"https:\/\/rollerderbybordeaux.fr\/site\/wp-json\/wp\/v2\/comments?post=18"}],"version-history":[{"count":9,"href":"https:\/\/rollerderbybordeaux.fr\/site\/wp-json\/wp\/v2\/pages\/18\/revisions"}],"predecessor-version":[{"id":2038,"href":"https:\/\/rollerderbybordeaux.fr\/site\/wp-json\/wp\/v2\/pages\/18\/revisions\/2038"}],"up":[{"embeddable":true,"href":"https:\/\/rollerderbybordeaux.fr\/site\/wp-json\/wp\/v2\/pages\/7"}],"wp:attachment":[{"href":"https:\/\/rollerderbybordeaux.fr\/site\/wp-json\/wp\/v2\/media?parent=18"}],"curies":[{"name":"wp","href":"https:\/\/api.w.org\/{rel}","templated":true}]}}