{"id":1745,"date":"2017-01-10T22:43:41","date_gmt":"2017-01-10T21:43:41","guid":{"rendered":"http:\/\/rollerderbybordeaux.fr\/site\/?page_id=1745"},"modified":"2017-11-06T21:16:32","modified_gmt":"2017-11-06T20:16:32","slug":"bbw","status":"publish","type":"page","link":"https:\/\/rollerderbybordeaux.fr\/site\/teams\/bbw\/","title":{"rendered":"Boom Bright Gold"},"content":{"rendered":"<p style=\"text-align: center;\"><em><img decoding=\"async\" loading=\"lazy\" class=\"aligncenter wp-image-2180 size-large\" src=\"http:\/\/rollerderbybordeaux.fr\/site\/wp-content\/uploads\/2017\/01\/Golds-1024x494.png\" alt=\"\" width=\"1024\" height=\"494\" data-id=\"2155\" srcset=\"https:\/\/rollerderbybordeaux.fr\/site\/wp-content\/uploads\/2017\/01\/Golds.png 1024w, https:\/\/rollerderbybordeaux.fr\/site\/wp-content\/uploads\/2017\/01\/Golds-300x145.png 300w, https:\/\/rollerderbybordeaux.fr\/site\/wp-content\/uploads\/2017\/01\/Golds-768x371.png 768w, https:\/\/rollerderbybordeaux.fr\/site\/wp-content\/uploads\/2017\/01\/Golds-128x62.png 128w\" sizes=\"(max-width: 1024px) 100vw, 1024px\" \/><\/em><\/p>\n<p><strong>Boom Bright Wild \/ les\u00a0BiBiGiz<\/strong><\/p>\n<p style=\"text-align: justify;\">Les Boom Bright Gold sont une trois\u00a0<em>\u00e9quipes intraligues<\/em> du Roller Derby Bordeaux Club.<\/p>\n<p style=\"text-align: justify;\">Les BBG sont les reines du coup de booty et du d\u00e9hanch\u00e9 provocateur. Derri\u00e8res elles, les Jammers ont bien du mal \u00e0 se frayer un chemin entre leurs formes g\u00e9n\u00e9reuses bien align\u00e9es. Voir un match des BBG, c&rsquo;est assister \u00e0 une battle o\u00f9 elles imposent leur rythme et leur style <em>all fresh<\/em>.<\/p>\n<p>BBG, ou le roller derby \u00e0 la street cred ind\u00e9niable.<\/p>\n<table border=\"0\" width=\"700\">\n<tbody>\n<tr bgcolor=\"#F7D358\">\n<th style=\"text-align: left;\" width=\"100%\"><span style=\"color: #ffffff;\">Saison 2017-2018 \u2729 Blocking Club IV \u2729<\/span><\/th>\n<\/tr>\n<\/tbody>\n<\/table>\n<table border=\"0\" width=\"700\">\n<tbody>\n<tr>\n<th style=\"text-align: left;\" width=\"20%\">DATE<\/th>\n<th style=\"text-align: left;\" width=\"24%\"><span style=\"color: #ff00ff;\">Pink Cheek Peaches<\/span><\/th>\n<th style=\"text-align: right;\" width=\"24%\">Rotten Black Grapes<\/th>\n<th style=\"text-align: right;\" width=\"24%\"><span style=\"color: #ff6600;\">Boom Bright Gold<br \/>\n<\/span><\/th>\n<th width=\"4%\"><\/th>\n<\/tr>\n<tr>\n<td style=\"text-align: left;\" height=\"35\"><em>1 Novembre<br \/>\n2017<\/em><\/td>\n<td style=\"text-align: center;\" height=\"35\"><strong>217<\/strong><b><br \/>\n<\/b>.<\/td>\n<td style=\"text-align: center;\" height=\"35\">.<br \/>\n<strong>179<\/strong><\/td>\n<td style=\"text-align: center;\" height=\"35\"><strong>109<\/strong><br \/>\n<strong> 142<\/strong><\/td>\n<\/tr>\n<tr>\n<td style=\"text-align: left;\" height=\"30\"><em>17 f\u00e9vrier<br \/>\n2018<br \/>\n<\/em><\/td>\n<td style=\"text-align: center;\" height=\"30\"><strong>?<\/strong><br \/>\n<b>?<\/b><\/td>\n<td style=\"text-align: center;\" height=\"30\">?<\/td>\n<td style=\"text-align: center;\" height=\"30\">?<br \/>\n?<\/td>\n<\/tr>\n<tr>\n<td style=\"text-align: left;\" height=\"30\"><em>9 juin<br \/>\n2018<\/em><\/td>\n<td style=\"text-align: center;\" height=\"30\">?<\/td>\n<td style=\"text-align: center;\" height=\"30\">?<br \/>\n?<\/td>\n<td style=\"text-align: center;\" height=\"30\">?<\/td>\n<\/tr>\n<tr>\n<td style=\"text-align: left;\" height=\"30\"><em><br \/>\n<\/em><\/td>\n<td style=\"text-align: center;\" height=\"30\"><\/td>\n<td style=\"text-align: center;\" height=\"30\"><\/td>\n<td style=\"text-align: right;\" height=\"30\"><\/td>\n<\/tr>\n<\/tbody>\n<\/table>\n<table border=\"0\" width=\"700\">\n<tbody>\n<tr bgcolor=\"#6E6E6E\">\n<th style=\"text-align: left;\" width=\"100%\"><span style=\"color: #ffffff;\">Saison 2016-2017 \u2729 Blocking Club III\u00a0\u2729<\/span><\/th>\n<\/tr>\n<\/tbody>\n<\/table>\n<table border=\"0\" width=\"700\">\n<tbody>\n<tr>\n<th style=\"text-align: left;\" width=\"20%\">DATE<\/th>\n<th style=\"text-align: left;\" width=\"24%\"><span style=\"color: #ff00ff;\">Pink Cheek Peaches<\/span><\/th>\n<th style=\"text-align: right;\" width=\"24%\">Rotten Black Grapes<\/th>\n<th style=\"text-align: right;\" width=\"24%\"><span style=\"color: #ff9900;\">Boom Bright Wild<br \/>\n<\/span><\/th>\n<th width=\"4%\"><\/th>\n<\/tr>\n<tr>\n<td style=\"text-align: left;\" height=\"35\"><em>19 Novembre<br \/>\n2016<\/em><\/td>\n<td style=\"text-align: center;\" height=\"35\">83<br \/>\n47<\/td>\n<td style=\"text-align: center;\" height=\"35\">192<br \/>\n.<\/td>\n<td style=\"text-align: center;\" height=\"35\">.<br \/>\n<span style=\"color: #ff6600;\"><strong>151<\/strong><\/span><\/td>\n<\/tr>\n<tr>\n<td style=\"text-align: left;\" height=\"30\"><em>1 avril<br \/>\n2017<br \/>\n<\/em><\/td>\n<td style=\"text-align: center;\" height=\"30\">98<br \/>\n.<\/td>\n<td style=\"text-align: center;\" height=\"30\">.<br \/>\n300<\/td>\n<td style=\"text-align: center;\" height=\"30\"><span style=\"color: #ff6600;\"><strong>\u00a0215<\/strong><\/span><br \/>\n<span style=\"color: #ff6600;\"> <strong> 88<\/strong><\/span><\/td>\n<\/tr>\n<tr>\n<td style=\"text-align: left;\" height=\"30\"><em>1 juillet<br \/>\n2017<\/em><\/td>\n<td style=\"text-align: center;\" height=\"30\">\u00a0\u00a0.<br \/>\n121<\/td>\n<td style=\"text-align: center;\" height=\"30\">134<br \/>\n136<\/td>\n<td style=\"text-align: center;\" height=\"30\"><strong><span style=\"color: #ff6600;\">116<\/span><\/strong><br \/>\n.<\/td>\n<\/tr>\n<tr>\n<td style=\"text-align: left;\" height=\"30\"><em><br \/>\n<\/em><\/td>\n<td style=\"text-align: center;\" height=\"30\"><\/td>\n<td style=\"text-align: center;\" height=\"30\"><\/td>\n<td style=\"text-align: center;\" height=\"30\"><\/td>\n<\/tr>\n<\/tbody>\n<\/table>\n<table border=\"0\" width=\"500\">\n<tbody>\n<tr bgcolor=\"6E6E6E\">\n<th style=\"text-align: left;\" width=\"100%\"><span style=\"color: #ffffff;\">Saison 2015-2016 \u2729 Blocking Club II \u2729<\/span><\/th>\n<\/tr>\n<\/tbody>\n<\/table>\n<p>Les Boom Bright Wild n&rsquo;ont pas pris part au Blocking Club II \u2729<\/p>\n","protected":false},"excerpt":{"rendered":"<p>Boom Bright Wild \/ les\u00a0BiBiGiz Les Boom Bright Gold sont une trois\u00a0\u00e9quipes intraligues du Roller Derby Bordeaux Club. Les BBG sont les reines du coup de booty et du d\u00e9hanch\u00e9 provocateur. Derri\u00e8res elles, les Jammers ont bien du mal \u00e0 se frayer un chemin entre leurs formes g\u00e9n\u00e9reuses bien align\u00e9es. Voir un match des BBG, [&hellip;]<\/p>\n","protected":false},"author":1,"featured_media":0,"parent":76,"menu_order":0,"comment_status":"closed","ping_status":"closed","template":"team-page.php","meta":[],"_links":{"self":[{"href":"https:\/\/rollerderbybordeaux.fr\/site\/wp-json\/wp\/v2\/pages\/1745"}],"collection":[{"href":"https:\/\/rollerderbybordeaux.fr\/site\/wp-json\/wp\/v2\/pages"}],"about":[{"href":"https:\/\/rollerderbybordeaux.fr\/site\/wp-json\/wp\/v2\/types\/page"}],"author":[{"embeddable":true,"href":"https:\/\/rollerderbybordeaux.fr\/site\/wp-json\/wp\/v2\/users\/1"}],"replies":[{"embeddable":true,"href":"https:\/\/rollerderbybordeaux.fr\/site\/wp-json\/wp\/v2\/comments?post=1745"}],"version-history":[{"count":33,"href":"https:\/\/rollerderbybordeaux.fr\/site\/wp-json\/wp\/v2\/pages\/1745\/revisions"}],"predecessor-version":[{"id":2183,"href":"https:\/\/rollerderbybordeaux.fr\/site\/wp-json\/wp\/v2\/pages\/1745\/revisions\/2183"}],"up":[{"embeddable":true,"href":"https:\/\/rollerderbybordeaux.fr\/site\/wp-json\/wp\/v2\/pages\/76"}],"wp:attachment":[{"href":"https:\/\/rollerderbybordeaux.fr\/site\/wp-json\/wp\/v2\/media?parent=1745"}],"curies":[{"name":"wp","href":"https:\/\/api.w.org\/{rel}","templated":true}]}}