{"id":1381,"date":"2015-12-03T17:17:03","date_gmt":"2015-12-03T16:17:03","guid":{"rendered":"http:\/\/rollerderbybordeaux.fr\/site\/?page_id=1381"},"modified":"2018-05-25T01:03:44","modified_gmt":"2018-05-25T00:03:44","slug":"pink-cheek-peaches","status":"publish","type":"page","link":"https:\/\/rollerderbybordeaux.fr\/site\/teams\/pink-cheek-peaches\/","title":{"rendered":"Pink Cheek Peaches"},"content":{"rendered":"<p style=\"text-align: center;\"><em><img decoding=\"async\" loading=\"lazy\" class=\"aligncenter wp-image-2176 size-large\" src=\"http:\/\/rollerderbybordeaux.fr\/site\/wp-content\/uploads\/2015\/12\/Pink2018-1024x494.png\" alt=\"\" width=\"1024\" height=\"494\" data-id=\"2155\" srcset=\"https:\/\/rollerderbybordeaux.fr\/site\/wp-content\/uploads\/2015\/12\/Pink2018.png 1024w, https:\/\/rollerderbybordeaux.fr\/site\/wp-content\/uploads\/2015\/12\/Pink2018-300x145.png 300w, https:\/\/rollerderbybordeaux.fr\/site\/wp-content\/uploads\/2015\/12\/Pink2018-768x371.png 768w, https:\/\/rollerderbybordeaux.fr\/site\/wp-content\/uploads\/2015\/12\/Pink2018-128x62.png 128w\" sizes=\"(max-width: 1024px) 100vw, 1024px\" \/><\/em><\/p>\n<p><strong>Pink Cheek Peaches \/ <em>Les Pimb\u00eaches aux Joues Roses<\/em><\/strong><\/p>\n<p style=\"text-align: justify;\">Les Pink Cheek Peaches sont une des <em>\u00e9quipes intraligues<\/em> du Roller Derby Bordeaux Club.<\/p>\n<p style=\"text-align: justify;\">Elles r\u00e9unissent nos joueuses parmi les mieux \u00e9lev\u00e9es et les plus pr\u00e9sentables, tenantes d&rsquo;un roller derby sous contr\u00f4le, perfectionniste, ma\u00eetris\u00e9. Sur le Track, elles ont d&rsquo;ailleurs opt\u00e9 pour la tradition sportive du polo, d&rsquo;un rose discret, v\u00eatement \u00e0 la fois confortable et \u00e9l\u00e9gant, parfait pour garder un style soign\u00e9 en toutes circonstances.<\/p>\n<p>Leurs supporters se reconnaissent \u00e0 leur tenue rappelant vaguement le c\u00e9l\u00e8bre \u00ab\u00a0<em>d\u00e9jeuner sur l&rsquo;herbe\u00a0suivi d&rsquo;un croquet<\/em>\u00ab\u00a0, mais surtout \u00e0 leur prononciation parfaite du nom de leurs prot\u00e9g\u00e9es : P-ink Cheek P-eaches.<\/p>\n<p>Ne vous fiez cependant pas \u00e0 leur bien-s\u00e9ance : les Pink Cheek Peaches n&rsquo;aiment rien de moins que de mettre une racl\u00e9e \u00e0 leurs nemesis des Rotten Black Grapes et \u00e0 ces<\/p>\n<table border=\"0\" width=\"700\">\n<tbody>\n<tr bgcolor=\"#F781F3\">\n<th style=\"text-align: left;\" width=\"100%\"><span style=\"color: #ffffff;\">Saison 2017-2018 \u2729 Blocking Club IV \u2729<\/span><\/th>\n<\/tr>\n<\/tbody>\n<\/table>\n<table border=\"0\" width=\"700\">\n<tbody>\n<tr>\n<th style=\"text-align: left;\" width=\"20%\">DATE<\/th>\n<th style=\"text-align: left;\" width=\"24%\"><span style=\"color: #ff00ff;\">Pink Cheek Peaches<\/span><\/th>\n<th style=\"text-align: right;\" width=\"24%\">Rotten Black Grapes<\/th>\n<th style=\"text-align: right;\" width=\"24%\"><span style=\"color: #ff6600;\">Boom Bright Gold<br \/>\n<\/span><\/th>\n<th width=\"4%\"><\/th>\n<\/tr>\n<tr>\n<td style=\"text-align: left;\" height=\"35\"><em>16 Juin<br \/>\n2018<\/em><\/td>\n<td style=\"text-align: center;\" height=\"35\"><b><br \/>\n?<\/b><\/td>\n<td style=\"text-align: center;\" height=\"35\">?<br \/>\n?<\/td>\n<td style=\"text-align: center;\" height=\"35\">?<\/td>\n<\/tr>\n<tr>\n<td style=\"text-align: left;\" height=\"30\"><em>17 f\u00e9vrier<br \/>\n2018<br \/>\n<\/em><\/td>\n<td style=\"text-align: center;\" height=\"30\"><strong>?<\/strong><br \/>\n<b>?<\/b><\/td>\n<td style=\"text-align: center;\" height=\"30\">?<\/td>\n<td style=\"text-align: center;\" height=\"30\"><\/td>\n<\/tr>\n<tr>\n<td style=\"text-align: left;\" height=\"30\"><em>1 Novembre<br \/>\n2017<\/em><\/td>\n<td style=\"text-align: center;\" height=\"30\"><b>217<br \/>\n.<\/b><\/td>\n<td style=\"text-align: center;\" height=\"30\">.<br \/>\n179<\/td>\n<td style=\"text-align: center;\" height=\"30\"><strong>109<\/strong><br \/>\n142<\/td>\n<\/tr>\n<tr>\n<td style=\"text-align: left;\" height=\"30\"><em>\u00a0<\/em><\/td>\n<td style=\"text-align: center;\" height=\"30\"><\/td>\n<td style=\"text-align: center;\" height=\"30\"><\/td>\n<td style=\"text-align: right;\" height=\"30\"><\/td>\n<\/tr>\n<\/tbody>\n<\/table>\n<table border=\"0\" width=\"700\">\n<tbody>\n<tr bgcolor=\"#6E6E6E\">\n<th style=\"text-align: left;\" width=\"100%\"><span style=\"color: #ffffff;\">Saison 2016-2017 \u2729 Blocking Club III\u00a0\u2729<\/span><\/th>\n<\/tr>\n<\/tbody>\n<\/table>\n<table border=\"0\" width=\"700\">\n<tbody>\n<tr>\n<th style=\"text-align: left;\" width=\"20%\">DATE<\/th>\n<th style=\"text-align: left;\" width=\"24%\"><span style=\"color: #ff00ff;\">Pink Cheek Peaches<\/span><\/th>\n<th style=\"text-align: right;\" width=\"24%\">Rotten Black Grapes<\/th>\n<th style=\"text-align: right;\" width=\"24%\"><span style=\"color: #ff6600;\">Boom Bright Gold<br \/>\n<\/span><\/th>\n<th width=\"4%\"><\/th>\n<\/tr>\n<tr>\n<td style=\"text-align: left;\" height=\"35\"><em>19 Novembre<br \/>\n2016<\/em><\/td>\n<td style=\"text-align: center;\" height=\"35\"><strong>83<\/strong><br \/>\n<strong>47<\/strong><\/td>\n<td style=\"text-align: center;\" height=\"35\"><strong>192<\/strong><br \/>\n.<\/td>\n<td style=\"text-align: center;\" height=\"35\">.<br \/>\n151<\/td>\n<\/tr>\n<tr>\n<td style=\"text-align: left;\" height=\"30\"><em>1 avril<br \/>\n2017<br \/>\n<\/em><\/td>\n<td style=\"text-align: center;\" height=\"30\"><strong>98<\/strong><br \/>\n.<\/td>\n<td style=\"text-align: center;\" height=\"30\">.<br \/>\n300<\/td>\n<td style=\"text-align: center;\" height=\"30\"><strong>215<\/strong><br \/>\n88<\/td>\n<\/tr>\n<tr>\n<td style=\"text-align: left;\" height=\"30\"><em>1 juillet 2017<br \/>\n2017<\/em><\/td>\n<td style=\"text-align: center;\" height=\"30\">.<br \/>\n121<\/td>\n<td style=\"text-align: center;\" height=\"30\"><strong>134<\/strong><br \/>\n136<\/td>\n<td style=\"text-align: center;\" height=\"30\"><strong>116<\/strong><br \/>\n.<\/td>\n<\/tr>\n<tr>\n<td style=\"text-align: left;\" height=\"30\"><em>\u00a0<\/em><\/td>\n<td style=\"text-align: center;\" height=\"30\"><\/td>\n<td style=\"text-align: center;\" height=\"30\"><\/td>\n<td style=\"text-align: right;\" height=\"30\"><\/td>\n<\/tr>\n<\/tbody>\n<\/table>\n<table border=\"0\" width=\"500\">\n<tbody>\n<tr bgcolor=\"#6E6E6E\">\n<th style=\"text-align: left;\" width=\"100%\"><span style=\"color: #ffffff;\">Saison 2015-2016 \u2729 Blocking Club II \u2729<\/span><\/th>\n<\/tr>\n<\/tbody>\n<\/table>\n<table border=\"0\" width=\"500\">\n<tbody>\n<tr>\n<th style=\"text-align: left;\" width=\"20%\">DATE<\/th>\n<th style=\"text-align: left;\" width=\"32%\"><span style=\"color: #ff00ff;\">Pink Cheek Peaches<\/span><\/th>\n<th style=\"text-align: right;\" width=\"32%\">Rotten Black Grapes<\/th>\n<th width=\"4%\"><\/th>\n<\/tr>\n<tr>\n<td style=\"text-align: left;\" height=\"35\"><em>12 D\u00e9cembre 2015<\/em><\/td>\n<td style=\"text-align: center;\" height=\"35\">\u00a0<strong>160<\/strong><\/td>\n<td style=\"text-align: center;\" height=\"35\"><em>93<\/em><\/td>\n<td style=\"text-align: center;\" height=\"35\"><\/td>\n<\/tr>\n<tr>\n<td style=\"text-align: left;\" height=\"30\"><em><em>23 Janvier<br \/>\n2016<\/em><\/em><\/td>\n<td style=\"text-align: center;\" height=\"30\"><strong><em>132<\/em><\/strong><\/td>\n<td style=\"text-align: center;\" height=\"30\"><em>98<\/em><\/td>\n<td style=\"text-align: right;\" height=\"30\"><\/td>\n<\/tr>\n<tr>\n<td style=\"text-align: left;\" height=\"30\">19 Mars<br \/>\n2016<\/td>\n<td style=\"text-align: center;\" height=\"30\">\u00a0<strong>203<\/strong><\/td>\n<td style=\"text-align: center;\" height=\"30\">142<\/td>\n<td style=\"text-align: right;\" height=\"30\"><\/td>\n<\/tr>\n<\/tbody>\n<\/table>\n","protected":false},"excerpt":{"rendered":"<p>Pink Cheek Peaches \/ Les Pimb\u00eaches aux Joues Roses Les Pink Cheek Peaches sont une des \u00e9quipes intraligues du Roller Derby Bordeaux Club. Elles r\u00e9unissent nos joueuses parmi les mieux \u00e9lev\u00e9es et les plus pr\u00e9sentables, tenantes d&rsquo;un roller derby sous contr\u00f4le, perfectionniste, ma\u00eetris\u00e9. Sur le Track, elles ont d&rsquo;ailleurs opt\u00e9 pour la tradition sportive du [&hellip;]<\/p>\n","protected":false},"author":1,"featured_media":0,"parent":76,"menu_order":0,"comment_status":"closed","ping_status":"closed","template":"team-page.php","meta":[],"_links":{"self":[{"href":"https:\/\/rollerderbybordeaux.fr\/site\/wp-json\/wp\/v2\/pages\/1381"}],"collection":[{"href":"https:\/\/rollerderbybordeaux.fr\/site\/wp-json\/wp\/v2\/pages"}],"about":[{"href":"https:\/\/rollerderbybordeaux.fr\/site\/wp-json\/wp\/v2\/types\/page"}],"author":[{"embeddable":true,"href":"https:\/\/rollerderbybordeaux.fr\/site\/wp-json\/wp\/v2\/users\/1"}],"replies":[{"embeddable":true,"href":"https:\/\/rollerderbybordeaux.fr\/site\/wp-json\/wp\/v2\/comments?post=1381"}],"version-history":[{"count":62,"href":"https:\/\/rollerderbybordeaux.fr\/site\/wp-json\/wp\/v2\/pages\/1381\/revisions"}],"predecessor-version":[{"id":2254,"href":"https:\/\/rollerderbybordeaux.fr\/site\/wp-json\/wp\/v2\/pages\/1381\/revisions\/2254"}],"up":[{"embeddable":true,"href":"https:\/\/rollerderbybordeaux.fr\/site\/wp-json\/wp\/v2\/pages\/76"}],"wp:attachment":[{"href":"https:\/\/rollerderbybordeaux.fr\/site\/wp-json\/wp\/v2\/media?parent=1381"}],"curies":[{"name":"wp","href":"https:\/\/api.w.org\/{rel}","templated":true}]}}