{"id":13,"date":"2013-07-31T17:22:35","date_gmt":"2013-07-31T16:22:35","guid":{"rendered":"http:\/\/localhost\/roller%20derby\/?page_id=13"},"modified":"2015-03-08T23:10:00","modified_gmt":"2015-03-08T22:10:00","slug":"historique","status":"publish","type":"page","link":"https:\/\/rollerderbybordeaux.fr\/site\/la-ligue\/historique\/","title":{"rendered":"Les d\u00e9buts de la Ligue"},"content":{"rendered":"<h2>2009 : La toute Premi\u00e8re Ligue fran\u00e7aise<\/h2>\n<p><strong><em>nous sommes parties de rien<\/em><\/strong><br \/>\nLa Ligue a \u00e9t\u00e9 fond\u00e9e par Belle Z\u00e9buth lors de l&rsquo;\u00e9t\u00e9 2009.<\/p>\n<p>Alors la seule \u00e9quipe de Roller Derby en France, une poign\u00e9e de pas-encore-rollergirls s&rsquo;est mis \u00e0 investir le rink de hockey des Quais de Bordeaux, d\u00e8s la nuit tomb\u00e9e, plusieurs soirs par semaine.<\/p>\n<p>Nous avons organis\u00e9 nos premiers entra\u00eenements, sous le regard \u00e9tonn\u00e9 et amus\u00e9 des hockeyeurs, habitu\u00e9s des lieux, nous effor\u00e7ant de reproduire et de mettre en pratique les nombreux conseils dispens\u00e9s sur internet par les Ligues am\u00e9ricaines.<\/p>\n<p><em><strong>apprendre \u00e0 s&rsquo;entra\u00eener seules<\/strong><\/em><br \/>\nRapidement, les entra\u00eenements sont devenus plus structur\u00e9s, et surtout plus s\u00e9rieux. Parce que le Roller derby, c\u2019est sportif, c\u2019est physique, c\u2019est intense&nbsp;! Nous avons pris l\u2019uniforme des rollergirls : grosses protections, casque et prot\u00e8ge-dents, et mis \u00e0 profit les conseils de nos premiers soutiens : pompes, squats, abdos, et longues sessions d&rsquo;entra\u00eenement.<\/p>\n<p>Au cours de l&rsquo;hiver, l&rsquo;apparition de la Ligue de Toulouse s&rsquo;est av\u00e9r\u00e9e d\u00e9cisive. Une active collaboration s&rsquo;est mise en place entre les Toulousaines et les Bordelaises avec l&rsquo;objectif d&rsquo;implanter le Roller derby en France : traduction des r\u00e8gles du jeu, recherche de fournisseurs de mat\u00e9riel, premi\u00e8re prise de contact avec une FFRS frileuse (la F\u00e9d\u00e9 de Roller), \u00e9change d&rsquo;infos diverses et vari\u00e9es&#8230;<\/p>\n<p>Et puis Paris est arriv\u00e9, Pau, Brest. En une ann\u00e9e, 5 Ligues \u00e9taient n\u00e9es. Le Roller Derby commen\u00e7ait \u00e0 s&rsquo;implanter en France.<\/p>\n<p>&nbsp;<\/p>\n<h2>2010 : La Premi\u00e8re D\u00e9mo<\/h2>\n<p>L&rsquo;id\u00e9e d&rsquo;une rencontre avec Toulouse a commenc\u00e9 \u00e0 d\u00e9manger les Bordelaises.<br \/>\nC&rsquo;est ainsi qu&rsquo;au mois de Juillet 2010, Toulouse a fait le d\u00e9placement pour venir se frotter \u00e0 Bordeaux et entrer dans la l\u00e9gende. Ce match forc\u00e9ment \u00e9pique et amical a emball\u00e9 le nombreux public venu assister \u00e0 cette curiosit\u00e9.<\/p>\n<p>On taira les nombreux couacs de cette premi\u00e8re &#8211; o\u00f9 tout le monde s&rsquo;est bine rendu compte qu&rsquo;un arbitrage, \u00e7a ne s&rsquo;improvisait pas et que les Officiels devaient bosser autant que les joueuses &#8211; pour ne retenir que l&rsquo;essentiel : l&rsquo;accueil du public, envout\u00e9 par un sport haut en couleur et haut en physique, et des rollergirls d\u00e9finitivement convaincues qu&rsquo;il allait falloir s&rsquo;entra\u00eener encore plus dur !<\/p>\n<h2>2011 : Le Premier match<\/h2>\n<p>La premi\u00e8re vraie rencontre eu lieu \u00e0 Paris, contre les Paris Rollergirls.<\/p>\n<p>On se se souvient plus du score exact, mais le match a pris fin alors qu les PRG nous battaient \u00e0 l&rsquo;aise de 99 points. Ce jour l\u00e0, on a pris notre premi\u00e8re le\u00e7on, la toute premi\u00e8re de la liste, de roller derby face \u00e0 des parisiennes \u00e9lev\u00e9es par les grandes s\u0153urs outre-atlantique. Ce jour l\u00e0, on a appris ce qu&rsquo;\u00e9tait une \u00e9quipe qui jouait ensemble !<\/p>\n<h2>2012 &#8211; &#8230;<\/h2>\n<p>Depuis, nous avons travaill\u00e9 dur pour devenir une Ligue capable de former des joueuses, des coachs, et des arbitres de Roller Derby, sans jamais sacrifier \u00e0 notre promesse.<\/p>\n<p>La Ligue de Bordeaux s\u2019est organis\u00e9e autour d&rsquo;une philosophie : <strong>By the Skaters, For the Skaters<\/strong>.<\/p>\n<p>Au RDBC, ce n&rsquo;est pas qu&rsquo;un slogan. Nous nous effor\u00e7ons d\u2019avancer, malgr\u00e9 les critiques, malgr\u00e9 les obstacles, en impliquant chacun et chacune des membres dans le d\u00e9veloppement de leur propre club , en repla\u00e7ant sans cesse les joueuses au centre de nos pr\u00e9occupations et \u00e0 la man\u0153uvre des d\u00e9cisions.<\/p>\n<p>C&rsquo;est ainsi que nous pouvons former des joueuses de Roller Derby, amener une \u00e9quipe \u00e0 son meilleur niveau, tout en d\u00e9montrant aux femmes que ce sport est fait pour elles et par elles, quelque soit leur caract\u00e8re, leur physique, leur \u00e2ge, et que personne d\u2019autre qu\u2019elles-m\u00eames ne sait o\u00f9 est leur place ou comment g\u00e9rer leur propre sport.<\/p>\n","protected":false},"excerpt":{"rendered":"<p>2009 : La toute Premi\u00e8re Ligue fran\u00e7aise nous sommes parties de rien La Ligue a \u00e9t\u00e9 fond\u00e9e par Belle Z\u00e9buth lors de l&rsquo;\u00e9t\u00e9 2009. Alors la seule \u00e9quipe de Roller Derby en France, une poign\u00e9e de pas-encore-rollergirls s&rsquo;est mis \u00e0 investir le rink de hockey des Quais de Bordeaux, d\u00e8s la nuit tomb\u00e9e, plusieurs soirs [&hellip;]<\/p>\n","protected":false},"author":1,"featured_media":0,"parent":12,"menu_order":0,"comment_status":"open","ping_status":"open","template":"ligue-page.php","meta":[],"_links":{"self":[{"href":"https:\/\/rollerderbybordeaux.fr\/site\/wp-json\/wp\/v2\/pages\/13"}],"collection":[{"href":"https:\/\/rollerderbybordeaux.fr\/site\/wp-json\/wp\/v2\/pages"}],"about":[{"href":"https:\/\/rollerderbybordeaux.fr\/site\/wp-json\/wp\/v2\/types\/page"}],"author":[{"embeddable":true,"href":"https:\/\/rollerderbybordeaux.fr\/site\/wp-json\/wp\/v2\/users\/1"}],"replies":[{"embeddable":true,"href":"https:\/\/rollerderbybordeaux.fr\/site\/wp-json\/wp\/v2\/comments?post=13"}],"version-history":[{"count":13,"href":"https:\/\/rollerderbybordeaux.fr\/site\/wp-json\/wp\/v2\/pages\/13\/revisions"}],"predecessor-version":[{"id":967,"href":"https:\/\/rollerderbybordeaux.fr\/site\/wp-json\/wp\/v2\/pages\/13\/revisions\/967"}],"up":[{"embeddable":true,"href":"https:\/\/rollerderbybordeaux.fr\/site\/wp-json\/wp\/v2\/pages\/12"}],"wp:attachment":[{"href":"https:\/\/rollerderbybordeaux.fr\/site\/wp-json\/wp\/v2\/media?parent=13"}],"curies":[{"name":"wp","href":"https:\/\/api.w.org\/{rel}","templated":true}]}}