{"id":122,"date":"2013-10-22T13:37:59","date_gmt":"2013-10-22T12:37:59","guid":{"rendered":"http:\/\/localhost\/roller%20derby\/?page_id=122"},"modified":"2023-02-20T10:57:47","modified_gmt":"2023-02-20T09:57:47","slug":"les-liens-utiles","status":"publish","type":"page","link":"https:\/\/rollerderbybordeaux.fr\/site\/media-et-presse\/les-liens-utiles\/","title":{"rendered":"Les liens utiles"},"content":{"rendered":"<p><strong>A Bordeaux<\/strong><\/p>\n<p><span style=\"color: #993366;\"><a href=\"http:\/\/www.darwin-ecosysteme.fr\/\"><span style=\"color: #993366;\">Darwin<\/span><\/a><\/span><br \/>\nApr\u00e8s des ann\u00e9es de gal\u00e8re et toujours de grandes difficult\u00e9s \u00e0 acc\u00e9der aux infrastructures sportives municipales, nous pouvons enfin nous entra\u00eener au sec. Merci \u00e0 l&rsquo;\u00e9co-syst\u00e8me DARWIN de nous faire confiance.<\/p>\n<p>&nbsp;<\/p>\n<p><strong>En Fran\u00e7ais<\/strong><\/p>\n<p><span style=\"color: #993366;\"><a href=\"http:\/\/www.5seconds.fr\/\"><span style=\"color: #993366;\">5 seconds<\/span><\/a><\/span><br \/>\nNouveau venu dans le paysage, <em>5seconds<\/em> diffuse en fran\u00e7ais les actualit\u00e9s du roller derby en France : classement, ligues, \u00e9v\u00e8nements. Il propose \u00e9galement des rubriques des articles autour du roller derby en g\u00e9n\u00e9ral.<\/p>\n<p><span style=\"color: #993366;\"><a href=\"https:\/\/www.facebook.com\/DforDerby\"><span style=\"color: #993366;\">D For Derby<\/span><\/a><\/span><br \/>\nUne revue en ligne de qualit\u00e9 qui a d\u00e9j\u00e0 produit 3 num\u00e9ros visionnables gratuitement.<\/p>\n<p>&nbsp;<\/p>\n<p><strong>En Anglais<\/strong><\/p>\n<p><span style=\"color: #993366;\"><a href=\"http:\/\/www.derbylife.com\/\"><span style=\"color: #993366;\">DerbyLife<\/span><\/a><\/span><br \/>\nLe site r\u00e9f\u00e9rence qui parle des trucs du derby. De nombreux articles, en anglais, balayant tous les sujets ayant attrait de pr\u00e8s ou de loin \u00e0 la Derby Life. Une mine d&rsquo;information, d&rsquo;exp\u00e9rience, d&rsquo;avis et de savoir.<\/p>\n<p><span style=\"color: #993366;\"><a href=\"http:\/\/wftda.com\"><span style=\"color: #993366;\">WFTDA<\/span><\/a><\/span><br \/>\nLa structure am\u00e9ricaine, \u00e9ditrice des r\u00e8gles, qui la premi\u00e8re a travaill\u00e9 et \u0153uvre toujours pour l&rsquo;\u00e9mergence du sport sous la gouverne de ses partiquants : \u00ab\u00a0By the skaters, for the skaters\u00a0\u00bb.<br \/>\nDe nombreux matchs sont visionnables gratuitement en ligne via la plateforme <span style=\"color: #993366;\"><a href=\"http:\/\/wftda.tv\/\"><span style=\"color: #993366;\">wftda.tv<\/span><\/a><\/span>, en particulier ceux des WFTDA Championships, ce tournoi repr\u00e9sentant le meilleur de la comp\u00e9tition actuelle.<\/p>\n<p><span style=\"color: #993366;\"><a href=\"http:\/\/rdjunkies.tumblr.com\/\"><span style=\"color: #993366;\">You should Be Watching More Roller Derby Footage<\/span><\/a><\/span><br \/>\nUn tmblr de gifs des meilleurs moments de plein de matchs. Ou comment rester scotch\u00e9 une demi-heure devant un gif de 3 secondes pour d\u00e9cortiquer la technique du retourn\u00e9 sur un pied.<\/p>\n","protected":false},"excerpt":{"rendered":"<p>A Bordeaux Darwin Apr\u00e8s des ann\u00e9es de gal\u00e8re et toujours de grandes difficult\u00e9s \u00e0 acc\u00e9der aux infrastructures sportives municipales, nous pouvons enfin nous entra\u00eener au sec. Merci \u00e0 l&rsquo;\u00e9co-syst\u00e8me DARWIN de nous faire confiance. &nbsp; En Fran\u00e7ais 5 seconds Nouveau venu dans le paysage, 5seconds diffuse en fran\u00e7ais les actualit\u00e9s du roller derby en France [&hellip;]<\/p>\n","protected":false},"author":1,"featured_media":0,"parent":110,"menu_order":0,"comment_status":"open","ping_status":"open","template":"media-page.php","meta":[],"_links":{"self":[{"href":"https:\/\/rollerderbybordeaux.fr\/site\/wp-json\/wp\/v2\/pages\/122"}],"collection":[{"href":"https:\/\/rollerderbybordeaux.fr\/site\/wp-json\/wp\/v2\/pages"}],"about":[{"href":"https:\/\/rollerderbybordeaux.fr\/site\/wp-json\/wp\/v2\/types\/page"}],"author":[{"embeddable":true,"href":"https:\/\/rollerderbybordeaux.fr\/site\/wp-json\/wp\/v2\/users\/1"}],"replies":[{"embeddable":true,"href":"https:\/\/rollerderbybordeaux.fr\/site\/wp-json\/wp\/v2\/comments?post=122"}],"version-history":[{"count":11,"href":"https:\/\/rollerderbybordeaux.fr\/site\/wp-json\/wp\/v2\/pages\/122\/revisions"}],"predecessor-version":[{"id":2357,"href":"https:\/\/rollerderbybordeaux.fr\/site\/wp-json\/wp\/v2\/pages\/122\/revisions\/2357"}],"up":[{"embeddable":true,"href":"https:\/\/rollerderbybordeaux.fr\/site\/wp-json\/wp\/v2\/pages\/110"}],"wp:attachment":[{"href":"https:\/\/rollerderbybordeaux.fr\/site\/wp-json\/wp\/v2\/media?parent=122"}],"curies":[{"name":"wp","href":"https:\/\/api.w.org\/{rel}","templated":true}]}}