{"id":112,"date":"2013-10-14T16:04:43","date_gmt":"2013-10-14T15:04:43","guid":{"rendered":"http:\/\/localhost\/roller%20derby\/?page_id=112"},"modified":"2023-02-20T11:13:41","modified_gmt":"2023-02-20T10:13:41","slug":"les-partenaires","status":"publish","type":"page","link":"https:\/\/rollerderbybordeaux.fr\/site\/media-et-presse\/les-partenaires\/","title":{"rendered":"Nos soutiens"},"content":{"rendered":"<p><a class=\"link-page-part\" title=\"Darwin, eco-syst\u00e8me de la caserne de niel\" href=\"http:\/\/www.darwin-ecosysteme.fr\/\" target=\"_blank\" rel=\"noopener\"><img decoding=\"async\" class=\"alignnone\" src=\"http:\/\/rollerderbybordeaux.fr\/site\/wp-content\/uploads\/2016\/04\/logo-darwin-niel.png\" \/><\/a><a class=\"link-page-part\" title=\"La 58\u00e8me\" href=\"https:\/\/www.facebook.com\/La58eme\" target=\"_blank\" rel=\"noopener\"><img decoding=\"async\" class=\"alignnone\" src=\"http:\/\/rollerderbybordeaux.fr\/site\/wp-content\/uploads\/2016\/04\/logo-58-eme-darwin.png\" \/><\/a><\/p>\n<p><a class=\"link-page-part\" title=\"ville de bordeaux\" href=\"http:\/\/www.bordeaux.fr\/\" target=\"_blank\" rel=\"noopener\"><img decoding=\"async\" class=\"alignnone\" src=\"http:\/\/rollerderbybordeaux.fr\/site\/wp-content\/uploads\/2016\/04\/logo-bordeaux-ma-ville.png\" \/>\u00a0<\/a><a class=\"link-page-part\" href=\"https:\/\/wftda.com\/apprentice-program\" target=\"_blank\" rel=\"noopener\"><img decoding=\"async\" class=\"alignnone\" src=\"http:\/\/rollerderbybordeaux.fr\/site\/wp-content\/uploads\/2016\/10\/wftda-logo.png\" \/><\/a><\/p>\n<p>&nbsp;<\/p>\n<p><a href=\"https:\/\/www.burdysquadshop.com\"><img decoding=\"async\" loading=\"lazy\" class=\"size-medium wp-image-2360 alignnone\" src=\"http:\/\/rollerderbybordeaux.fr\/site\/wp-content\/uploads\/2023\/02\/logo-color-01-1-300x99.png\" alt=\"\" width=\"300\" height=\"99\" data-id=\"2360\" srcset=\"https:\/\/rollerderbybordeaux.fr\/site\/wp-content\/uploads\/2023\/02\/logo-color-01-1-300x99.png 300w, https:\/\/rollerderbybordeaux.fr\/site\/wp-content\/uploads\/2023\/02\/logo-color-01-1-128x42.png 128w, https:\/\/rollerderbybordeaux.fr\/site\/wp-content\/uploads\/2023\/02\/logo-color-01-1.png 407w\" sizes=\"(max-width: 300px) 100vw, 300px\" \/><\/a><\/p>\n<p>&nbsp;<\/p>\n<p><a class=\"link-page-part\" title=\"f\u00e9d\u00e9ration fran\u00e7aise de roller sports\" href=\"http:\/\/ffroller.fr\/\" target=\"_blank\" rel=\"noopener\"><img decoding=\"async\" class=\"alignnone\" src=\"http:\/\/rollerderbybordeaux.fr\/site\/wp-content\/uploads\/2016\/10\/logo-ffrs2.png\" \/><\/a><\/p>\n<p>&nbsp;<\/p>\n<p>&nbsp;<\/p>\n<p>&nbsp;<\/p>\n<p>&nbsp;<\/p>\n","protected":false},"excerpt":{"rendered":"<p>\u00a0 &nbsp; &nbsp; &nbsp; &nbsp; &nbsp; &nbsp;<\/p>\n","protected":false},"author":1,"featured_media":2359,"parent":110,"menu_order":0,"comment_status":"open","ping_status":"open","template":"media-page.php","meta":[],"_links":{"self":[{"href":"https:\/\/rollerderbybordeaux.fr\/site\/wp-json\/wp\/v2\/pages\/112"}],"collection":[{"href":"https:\/\/rollerderbybordeaux.fr\/site\/wp-json\/wp\/v2\/pages"}],"about":[{"href":"https:\/\/rollerderbybordeaux.fr\/site\/wp-json\/wp\/v2\/types\/page"}],"author":[{"embeddable":true,"href":"https:\/\/rollerderbybordeaux.fr\/site\/wp-json\/wp\/v2\/users\/1"}],"replies":[{"embeddable":true,"href":"https:\/\/rollerderbybordeaux.fr\/site\/wp-json\/wp\/v2\/comments?post=112"}],"version-history":[{"count":16,"href":"https:\/\/rollerderbybordeaux.fr\/site\/wp-json\/wp\/v2\/pages\/112\/revisions"}],"predecessor-version":[{"id":2362,"href":"https:\/\/rollerderbybordeaux.fr\/site\/wp-json\/wp\/v2\/pages\/112\/revisions\/2362"}],"up":[{"embeddable":true,"href":"https:\/\/rollerderbybordeaux.fr\/site\/wp-json\/wp\/v2\/pages\/110"}],"wp:featuredmedia":[{"embeddable":true,"href":"https:\/\/rollerderbybordeaux.fr\/site\/wp-json\/wp\/v2\/media\/2359"}],"wp:attachment":[{"href":"https:\/\/rollerderbybordeaux.fr\/site\/wp-json\/wp\/v2\/media?parent=112"}],"curies":[{"name":"wp","href":"https:\/\/api.w.org\/{rel}","templated":true}]}}