{"id":110,"date":"2013-10-14T16:03:23","date_gmt":"2013-10-14T15:03:23","guid":{"rendered":"http:\/\/localhost\/roller%20derby\/?page_id=110"},"modified":"2023-02-20T12:01:59","modified_gmt":"2023-02-20T11:01:59","slug":"media-et-presse","status":"publish","type":"page","link":"https:\/\/rollerderbybordeaux.fr\/site\/media-et-presse\/","title":{"rendered":"Int\u00e9ress\u00e9.e par le RDBC ?"},"content":{"rendered":"<p>Vous souhaitez nous rencontrer ?<br \/>\nNous vous recevons volontiers lors de nos entra\u00eenements les mercredi soirs ou samedi \u00e0 la Caserne Niel \u00e0 Darwin.<\/p>\n<p>&nbsp;<\/p>\n<p>Vous voulez assister \u00e0 un de nos matchs ?<br \/>\nVous devez imp\u00e9rativement nous contacter auparavant : <span style=\"color: #0000ff;\">rollerderbybordeaux@gmail.com<span style=\"color: #000000;\"> ou via <a href=\"http:\/\/rollerderbybordeaux.fr\/site\/contact\/\">ce contact<\/a><\/span><br \/>\n<\/span><\/p>\n<p>&nbsp;<\/p>\n<p>Vous souhaitez nous soutenir ?<br \/>\nNous sommes ouvertes \u00e0 plusieurs formes de partenariats.<br \/>\nN&rsquo;h\u00e9sitez pas \u00e0 nous contacter : <strong>rollerderbybordeaux@gmail.com<\/strong> ou via <strong><a href=\"http:\/\/rollerderbybordeaux.fr\/site\/contact\/\">ce contact<\/a><br \/>\n<\/strong><\/p>\n","protected":false},"excerpt":{"rendered":"<p>Vous souhaitez nous rencontrer ? Nous vous recevons volontiers lors de nos entra\u00eenements les mercredi soirs ou samedi \u00e0 la Caserne Niel \u00e0 Darwin. &nbsp; Vous voulez assister \u00e0 un de nos matchs ? Vous devez imp\u00e9rativement nous contacter auparavant : rollerderbybordeaux@gmail.com ou via ce contact &nbsp; Vous souhaitez nous soutenir ? Nous sommes ouvertes [&hellip;]<\/p>\n","protected":false},"author":1,"featured_media":0,"parent":0,"menu_order":0,"comment_status":"open","ping_status":"open","template":"media-page.php","meta":[],"_links":{"self":[{"href":"https:\/\/rollerderbybordeaux.fr\/site\/wp-json\/wp\/v2\/pages\/110"}],"collection":[{"href":"https:\/\/rollerderbybordeaux.fr\/site\/wp-json\/wp\/v2\/pages"}],"about":[{"href":"https:\/\/rollerderbybordeaux.fr\/site\/wp-json\/wp\/v2\/types\/page"}],"author":[{"embeddable":true,"href":"https:\/\/rollerderbybordeaux.fr\/site\/wp-json\/wp\/v2\/users\/1"}],"replies":[{"embeddable":true,"href":"https:\/\/rollerderbybordeaux.fr\/site\/wp-json\/wp\/v2\/comments?post=110"}],"version-history":[{"count":11,"href":"https:\/\/rollerderbybordeaux.fr\/site\/wp-json\/wp\/v2\/pages\/110\/revisions"}],"predecessor-version":[{"id":2374,"href":"https:\/\/rollerderbybordeaux.fr\/site\/wp-json\/wp\/v2\/pages\/110\/revisions\/2374"}],"wp:attachment":[{"href":"https:\/\/rollerderbybordeaux.fr\/site\/wp-json\/wp\/v2\/media?parent=110"}],"curies":[{"name":"wp","href":"https:\/\/api.w.org\/{rel}","templated":true}]}}