{"id":104,"date":"2013-10-14T15:25:09","date_gmt":"2013-10-14T14:25:09","guid":{"rendered":"http:\/\/localhost\/roller%20derby\/?page_id=104"},"modified":"2015-02-20T00:13:27","modified_gmt":"2015-02-19T23:13:27","slug":"devenir-nso","status":"publish","type":"page","link":"https:\/\/rollerderbybordeaux.fr\/site\/prochain-recrutement\/devenir-nso\/","title":{"rendered":"don&rsquo;t mess with NSOs"},"content":{"rendered":"<p style=\"text-align: center;\"><a title=\"Cr\u00e9dit : Patrice Mauran\" href=\"http:\/\/rollerderbybordeaux.fr\/site\/wp-content\/uploads\/2013\/10\/DSC_6440.jpg\"><img decoding=\"async\" loading=\"lazy\" class=\"size-medium wp-image-597  aligncenter\" alt=\"DSC_6440\" src=\"http:\/\/rollerderbybordeaux.fr\/site\/wp-content\/uploads\/2013\/10\/DSC_6440-300x198.jpg\" width=\"300\" height=\"198\" data-id=\"597\" srcset=\"https:\/\/rollerderbybordeaux.fr\/site\/wp-content\/uploads\/2013\/10\/DSC_6440-300x198.jpg 300w, https:\/\/rollerderbybordeaux.fr\/site\/wp-content\/uploads\/2013\/10\/DSC_6440-1024x678.jpg 1024w, https:\/\/rollerderbybordeaux.fr\/site\/wp-content\/uploads\/2013\/10\/DSC_6440-128x84.jpg 128w\" sizes=\"(max-width: 300px) 100vw, 300px\" \/><\/a><\/p>\n<p>\u00a0<strong>Le roller derby sans roulettes<\/strong><\/p>\n<p>NSO = Non Skating Official.<br \/>\nComme leur nom l&rsquo;indique, il s&rsquo;agit d&rsquo;officiels \u00e0 pied. Ils repr\u00e9sentent l&rsquo;autre moiti\u00e9 de la <i>Team No Fun<\/i>, secondant les arbitres en patins. Ils sont indispensables au bon d\u00e9roulement d&rsquo;un match.<\/p>\n<p>Ils occupent de nombreux postes :<br \/>\n&#8211; Jam Timer : il siffle les d\u00e9part de jams, surveille qu&rsquo;il ne d\u00e9passe pas 2 minutes, et chronom\u00e8tre les inter-jams.<br \/>\n&#8211; Penalty Box Timer : ils chronom\u00e8trent les p\u00e9nalit\u00e9s inflig\u00e9es aux joueuses et surveillent que les \u00e9quipes jouent bien en cons\u00e9quence.<br \/>\n&#8211; Penalty Tracker : il enregistre les p\u00e9nalit\u00e9s inflig\u00e9es aux joueuses et surveille qu&rsquo;elles aient bien \u00e9t\u00e9 purg\u00e9es.<br \/>\n&#8211; Score Board : il affiche le score et met \u00e0 jour les chronos du temps de jeu et du temps de jam.<br \/>\n&#8211; Scorekeeper : ils notent, passage apr\u00e8s passage, le nombre de points indiqu\u00e9s par les Jammer Refs, et tiennent le compte du score officiel.<\/p>\n<p>&nbsp;<\/p>\n<p><strong>Les \u00e2mes damn\u00e9es des Referees<\/strong><\/p>\n<p>Les NSO travaillent de concert avec les arbitres pour r\u00e9guler le jeu. Ils sont tenus de conna\u00eetre les <a href=\"http:\/\/wftda.com\/rules\/wftda-rules-french.pdf\">r\u00e8gles<\/a> sur le bout des doigts pour assurer leur poste du mieux possible.<\/p>\n<p>Tout comme celui des arbitres, le travail des NSO est fondamental pour assurer l&rsquo;\u00e9quit\u00e9 du jeu entre les deux \u00e9quipes qui s&rsquo;affrontent. C&rsquo;est un travail de l&rsquo;ombre, quoique souvent effectu\u00e9 en T-shirt color\u00e9 plaqu\u00e9 d&rsquo;un \u00e9norme OFFICIAL au dos.<\/p>\n<p>La formation des NSO est pris en charge\u00a0 par le Comit\u00e9 Officiels. Nous assurons un cycle de formation de plusieurs mois pendant lequel ils d\u00e9couvrent les diff\u00e9rents postes et apprennent comment les assurer pendant un match.<\/p>\n<p>Les NSO appartiennent \u00e0 la Ligue et\u00a0 sont parfaitement int\u00e9gr\u00e9s \u00e0 la vie de la Ligue.<\/p>\n<p><span style=\"color: #008000;\">La formation des arbitres est assur\u00e9e le mercredi soir et le samedi apr\u00e8s-midi.<\/span><\/p>\n<p>&nbsp;<\/p>\n<p><strong>Un tmblr de private jokes<\/strong><\/p>\n<p>Et les NSO adorent leur job. <a href=\"http:\/\/fuckyeahrollerderbynso.tumblr.com\/\">Fuck Yeah ! Roller Derby NSO !<\/a> ou <a href=\"http:\/\/army-ofdarkness.tumblr.com\/\">Army Of Darkness<\/a><\/p>\n","protected":false},"excerpt":{"rendered":"<p>\u00a0Le roller derby sans roulettes NSO = Non Skating Official. Comme leur nom l&rsquo;indique, il s&rsquo;agit d&rsquo;officiels \u00e0 pied. Ils repr\u00e9sentent l&rsquo;autre moiti\u00e9 de la Team No Fun, secondant les arbitres en patins. Ils sont indispensables au bon d\u00e9roulement d&rsquo;un match. Ils occupent de nombreux postes : &#8211; Jam Timer : il siffle les d\u00e9part [&hellip;]<\/p>\n","protected":false},"author":1,"featured_media":0,"parent":98,"menu_order":0,"comment_status":"open","ping_status":"open","template":"recrut-page.php","meta":[],"_links":{"self":[{"href":"https:\/\/rollerderbybordeaux.fr\/site\/wp-json\/wp\/v2\/pages\/104"}],"collection":[{"href":"https:\/\/rollerderbybordeaux.fr\/site\/wp-json\/wp\/v2\/pages"}],"about":[{"href":"https:\/\/rollerderbybordeaux.fr\/site\/wp-json\/wp\/v2\/types\/page"}],"author":[{"embeddable":true,"href":"https:\/\/rollerderbybordeaux.fr\/site\/wp-json\/wp\/v2\/users\/1"}],"replies":[{"embeddable":true,"href":"https:\/\/rollerderbybordeaux.fr\/site\/wp-json\/wp\/v2\/comments?post=104"}],"version-history":[{"count":11,"href":"https:\/\/rollerderbybordeaux.fr\/site\/wp-json\/wp\/v2\/pages\/104\/revisions"}],"predecessor-version":[{"id":575,"href":"https:\/\/rollerderbybordeaux.fr\/site\/wp-json\/wp\/v2\/pages\/104\/revisions\/575"}],"up":[{"embeddable":true,"href":"https:\/\/rollerderbybordeaux.fr\/site\/wp-json\/wp\/v2\/pages\/98"}],"wp:attachment":[{"href":"https:\/\/rollerderbybordeaux.fr\/site\/wp-json\/wp\/v2\/media?parent=104"}],"curies":[{"name":"wp","href":"https:\/\/api.w.org\/{rel}","templated":true}]}}