{"id":102,"date":"2013-10-14T15:24:36","date_gmt":"2013-10-14T14:24:36","guid":{"rendered":"http:\/\/localhost\/roller%20derby\/?page_id=102"},"modified":"2015-02-20T00:12:41","modified_gmt":"2015-02-19T23:12:41","slug":"comment-devenir-arbitre","status":"publish","type":"page","link":"https:\/\/rollerderbybordeaux.fr\/site\/prochain-recrutement\/comment-devenir-arbitre\/","title":{"rendered":"enfiler les rayures"},"content":{"rendered":"<p><strong>Pile : Team Zebra<\/strong><\/p>\n<p>Les arbitres ne se baladent qu&rsquo;en gang.<br \/>\nIl faut un minimum de 3 arbitres pour qu&rsquo;un match ait lieu, mais leur bande peut monter jusqu&rsquo;\u00e0 7 <i>Referees<\/i>, sur patins, tournant autour de la piste, pour surveiller que tout se passe en toute s\u00e9curit\u00e9, \u00e9quitablement, dans le respect des r\u00e8gles.<\/p>\n<p>Ils sont \u00e9quip\u00e9s du m\u00eame harnachement que les joueuses : Casque, Coudi\u00e8res, Prot\u00e8ge-Poignets, Genouill\u00e8res. Contrairement aux joueuses, ils peuvent chausser des quads ou des inlines.<\/p>\n<p>Zebras ? A cause des rayures, voyons.<\/p>\n<p>&nbsp;<\/p>\n<p><strong>Face : Poker Face, Team No Fun<\/strong><\/p>\n<p>Question nom de codes, les Refs ne sont pas en reste.<\/p>\n<p>Le r\u00f4le des arbitres est avant tout d&rsquo;assurer la s\u00e9curit\u00e9 de tous et de toutes. Autant dire que \u00e7a ne rigole pas (Team No Fun). Gardiens des r\u00e8gles, ils ne doivent pas intervenir dans le jeu et rester neutres en toute circonstance (Poker Face).<\/p>\n<p>Ils travaillent de concert avec leurs \u00e2mes damn\u00e9es, les NSO (Non Skating Official), qui assurent leur back-up.<\/p>\n<p style=\"text-align: center;\"><a href=\"http:\/\/rollerderbybordeaux.fr\/site\/wp-content\/uploads\/2015\/02\/recrut_refs.png\"><img decoding=\"async\" loading=\"lazy\" class=\"alignnone  wp-image-914\" alt=\"recrut_refs\" src=\"http:\/\/rollerderbybordeaux.fr\/site\/wp-content\/uploads\/2015\/02\/recrut_refs.png\" width=\"378\" height=\"164\" data-id=\"914\" srcset=\"https:\/\/rollerderbybordeaux.fr\/site\/wp-content\/uploads\/2015\/02\/recrut_refs.png 900w, https:\/\/rollerderbybordeaux.fr\/site\/wp-content\/uploads\/2015\/02\/recrut_refs-300x130.png 300w, https:\/\/rollerderbybordeaux.fr\/site\/wp-content\/uploads\/2015\/02\/recrut_refs-128x55.png 128w\" sizes=\"(max-width: 378px) 100vw, 378px\" \/><\/a><\/p>\n<p><strong>La Formation<\/strong><\/p>\n<p>Il ne suffit pas d&rsquo;acheter un maillot ray\u00e9 et de lire les quarante pages de r\u00e8gles pour devenir arbitre.<\/p>\n<p>Tout comme les joueuses, les arbitres sont soumis \u00e0 un cycle de formation de plusieurs mois, veillant \u00e0 s&rsquo;assurer de leur capacit\u00e9 \u00e0 arbitrer un match avec professionnalisme, autonomie, et neutralit\u00e9.<\/p>\n<p>Ils b\u00e9n\u00e9ficient \u00e9galement d&rsquo;un entra\u00eenement au patinage, leur permettant d&rsquo;effectuer la <a href=\"http:\/\/wftda.com\/rules\/wftda-official-hand-signals.pdf\">gestuelle d\u2019arbitrage<\/a> en toute libert\u00e9 pendant un match.<\/p>\n<p>Ils sont par ailleurs parfaitement int\u00e9gr\u00e9s \u00e0 la Ligue et \u00e0 la vie de la Ligue.<\/p>\n<p><span style=\"color: #008000;\">La formation des arbitres est assur\u00e9e le mercredi soir et le samedi apr\u00e8s-midi.<\/span><\/p>\n<p>&nbsp;<\/p>\n<p><strong>Les Tables de la Loi : <a href=\"http:\/\/wftda.com\/rules\">http:\/\/wftda.com\/rules<\/a><\/strong><\/p>\n<p>Nous\u00a0 jouons selon le jeu de R\u00e8gles \u00e9dit\u00e9es par la WFTDA (Women Flat Track roller Derby Association). La pratique de l&rsquo;arbitrage est r\u00e9gie par un ensemble de <a href=\"http:\/\/wftda.com\/officiating\">Bonnes Pratiques<\/a> disponibles sur le site de la wftda.<\/p>\n<p>La version fran\u00e7aise :\u00a0<a href=\"http:\/\/wftda.com\/rules\/wftda-rules-french.pdf\">http:\/\/wftda.com\/rules\/wftda-rules-french.pdf<\/a><\/p>\n<p>&nbsp;<\/p>\n","protected":false},"excerpt":{"rendered":"<p>Pile : Team Zebra Les arbitres ne se baladent qu&rsquo;en gang. Il faut un minimum de 3 arbitres pour qu&rsquo;un match ait lieu, mais leur bande peut monter jusqu&rsquo;\u00e0 7 Referees, sur patins, tournant autour de la piste, pour surveiller que tout se passe en toute s\u00e9curit\u00e9, \u00e9quitablement, dans le respect des r\u00e8gles. Ils sont [&hellip;]<\/p>\n","protected":false},"author":1,"featured_media":0,"parent":98,"menu_order":0,"comment_status":"open","ping_status":"open","template":"recrut-page.php","meta":[],"_links":{"self":[{"href":"https:\/\/rollerderbybordeaux.fr\/site\/wp-json\/wp\/v2\/pages\/102"}],"collection":[{"href":"https:\/\/rollerderbybordeaux.fr\/site\/wp-json\/wp\/v2\/pages"}],"about":[{"href":"https:\/\/rollerderbybordeaux.fr\/site\/wp-json\/wp\/v2\/types\/page"}],"author":[{"embeddable":true,"href":"https:\/\/rollerderbybordeaux.fr\/site\/wp-json\/wp\/v2\/users\/1"}],"replies":[{"embeddable":true,"href":"https:\/\/rollerderbybordeaux.fr\/site\/wp-json\/wp\/v2\/comments?post=102"}],"version-history":[{"count":9,"href":"https:\/\/rollerderbybordeaux.fr\/site\/wp-json\/wp\/v2\/pages\/102\/revisions"}],"predecessor-version":[{"id":921,"href":"https:\/\/rollerderbybordeaux.fr\/site\/wp-json\/wp\/v2\/pages\/102\/revisions\/921"}],"up":[{"embeddable":true,"href":"https:\/\/rollerderbybordeaux.fr\/site\/wp-json\/wp\/v2\/pages\/98"}],"wp:attachment":[{"href":"https:\/\/rollerderbybordeaux.fr\/site\/wp-json\/wp\/v2\/media?parent=102"}],"curies":[{"name":"wp","href":"https:\/\/api.w.org\/{rel}","templated":true}]}}